{"id":330,"date":"2016-04-04T20:13:03","date_gmt":"2016-04-04T18:13:03","guid":{"rendered":"http:\/\/www.geostavdetva.sk\/en\/?page_id=330"},"modified":"2024-04-05T08:40:55","modified_gmt":"2024-04-05T06:40:55","slug":"strojovy-park","status":"publish","type":"page","link":"http:\/\/www.geostavdetva.sk\/en\/strojovy-park\/","title":{"rendered":"Machinery"},"content":{"rendered":"[vc_row rt_row_background_width=&#8221;default&#8221; rt_row_style=&#8221;alt-style-1&#8243; rt_row_borders=&#8221;&#8221; rt_overlap=&#8221;true&#8221; rt_row_paddings=&#8221;true&#8221; rt_bg_effect=&#8221;classic&#8221; rt_bg_image_repeat=&#8221;repeat&#8221; rt_bg_size=&#8221;cover&#8221; rt_bg_position=&#8221;right top&#8221; rt_bg_attachment=&#8221;scroll&#8221; rt_bg_video_format=&#8221;self-hosted&#8221;][vc_column rt_wrp_col_paddings=&#8221;false&#8221; rt_border_top=&#8221;&#8221; rt_border_bottom=&#8221;&#8221; rt_border_left=&#8221;&#8221; rt_border_right=&#8221;&#8221; rt_border_top_mobile=&#8221;&#8221; rt_border_bottom_mobile=&#8221;&#8221; rt_border_left_mobile=&#8221;&#8221; rt_border_right_mobile=&#8221;&#8221; rt_bg_image_repeat=&#8221;repeat&#8221; rt_bg_size=&#8221;auto auto&#8221; rt_bg_position=&#8221;right top&#8221; rt_bg_attachment=&#8221;scroll&#8221;]\r\n\t\t\t\t<div id=\"slider-image-carousel-928084\" class=\"rt-carousel rt-image-carousel carousel-holder clearfix rt-image-carousel \" data-item-width=\"1\" data-nav=\"true\" data-dots=\"true\" data-margin=\"\" data-autoplay=\"true\" data-timeout=\"5000\" data-loop=\"false\" data-tablet-item-width=\"1\" data-mobile-item-width=\"1\">\r\n\t\t\t\t\t<div class=\"owl-carousel\">\r\n\t\t\t\t\t\t<div><a id=\"lightbox-924517\" class=\"imgeffect zoom lightbox_\" data-group=\"slider-carousel-895407\" title=\"Enlarge Image\" data-title=\"Machinery\" data-sub-html=\"#lightbox-924517-description\" data-thumbnail=\"http:\/\/www.geostavdetva.sk\/wp-content\/uploads\/slider-strojovy-park-002-color-75x50.jpg\" data-thumbTooltip=\"\" data-scaleUp=\"\" data-href=\"\" data-width=\"\" data-height=\"\" data-flashHasPriority=\"\" data-poster=\"\" data-autoplay=\"\" data-audiotitle=\"\" data-html=\"\" href=\"http:\/\/www.geostavdetva.sk\/wp-content\/uploads\/slider-strojovy-park-002-color.jpg\" ><img decoding=\"async\" src=\"http:\/\/www.geostavdetva.sk\/wp-content\/uploads\/slider-strojovy-park-002-color-980x420.jpg\" alt=\"\" itemprop=\"image\"><\/a>\r\n\t\t\t<div class=\"lighbox-description hidden\" id=\"lightbox-924517-description\">\r\n\t\t\t\t<strong>Machinery<\/strong><br>\r\n\t\t\t\t\r\n\t\t\t<\/div><\/div><div><a id=\"lightbox-584115\" class=\"imgeffect zoom lightbox_\" data-group=\"slider-carousel-895407\" title=\"Enlarge Image\" data-title=\"Machinery\" data-sub-html=\"#lightbox-584115-description\" data-thumbnail=\"http:\/\/www.geostavdetva.sk\/wp-content\/uploads\/slider-strojovy-park-003-color-75x50.jpg\" data-thumbTooltip=\"\" data-scaleUp=\"\" data-href=\"\" data-width=\"\" data-height=\"\" data-flashHasPriority=\"\" data-poster=\"\" data-autoplay=\"\" data-audiotitle=\"\" data-html=\"\" href=\"http:\/\/www.geostavdetva.sk\/wp-content\/uploads\/slider-strojovy-park-003-color.jpg\" ><img decoding=\"async\" src=\"http:\/\/www.geostavdetva.sk\/wp-content\/uploads\/slider-strojovy-park-003-color-980x420.jpg\" alt=\"\" itemprop=\"image\"><\/a>\r\n\t\t\t<div class=\"lighbox-description hidden\" id=\"lightbox-584115-description\">\r\n\t\t\t\t<strong>Machinery<\/strong><br>\r\n\t\t\t\t\r\n\t\t\t<\/div><\/div><div><a id=\"lightbox-609282\" class=\"imgeffect zoom lightbox_\" data-group=\"slider-carousel-895407\" title=\"Enlarge Image\" data-title=\"Machinery\" data-sub-html=\"#lightbox-609282-description\" data-thumbnail=\"http:\/\/www.geostavdetva.sk\/wp-content\/uploads\/slider-strojovy-park-004-color-75x50.jpg\" data-thumbTooltip=\"\" data-scaleUp=\"\" data-href=\"\" data-width=\"\" data-height=\"\" data-flashHasPriority=\"\" data-poster=\"\" data-autoplay=\"\" data-audiotitle=\"\" data-html=\"\" href=\"http:\/\/www.geostavdetva.sk\/wp-content\/uploads\/slider-strojovy-park-004-color.jpg\" ><img decoding=\"async\" src=\"http:\/\/www.geostavdetva.sk\/wp-content\/uploads\/slider-strojovy-park-004-color-980x420.jpg\" alt=\"\" itemprop=\"image\"><\/a>\r\n\t\t\t<div class=\"lighbox-description hidden\" id=\"lightbox-609282-description\">\r\n\t\t\t\t<strong>Machinery<\/strong><br>\r\n\t\t\t\t\r\n\t\t\t<\/div><\/div><div><a id=\"lightbox-723202\" class=\"imgeffect zoom lightbox_\" data-group=\"slider-carousel-895407\" title=\"Enlarge Image\" data-title=\"Machinery\" data-sub-html=\"#lightbox-723202-description\" data-thumbnail=\"http:\/\/www.geostavdetva.sk\/wp-content\/uploads\/slider-strojovy-park-005-color-75x50.jpg\" data-thumbTooltip=\"\" data-scaleUp=\"\" data-href=\"\" data-width=\"\" data-height=\"\" data-flashHasPriority=\"\" data-poster=\"\" data-autoplay=\"\" data-audiotitle=\"\" data-html=\"\" href=\"http:\/\/www.geostavdetva.sk\/wp-content\/uploads\/slider-strojovy-park-005-color.jpg\" ><img decoding=\"async\" src=\"http:\/\/www.geostavdetva.sk\/wp-content\/uploads\/slider-strojovy-park-005-color-980x420.jpg\" alt=\"\" itemprop=\"image\"><\/a>\r\n\t\t\t<div class=\"lighbox-description hidden\" id=\"lightbox-723202-description\">\r\n\t\t\t\t<strong>Machinery<\/strong><br>\r\n\t\t\t\t\r\n\t\t\t<\/div><\/div><div><a id=\"lightbox-686960\" class=\"imgeffect zoom lightbox_\" data-group=\"slider-carousel-895407\" title=\"Enlarge Image\" data-title=\"Machinery\" data-sub-html=\"#lightbox-686960-description\" data-thumbnail=\"http:\/\/www.geostavdetva.sk\/wp-content\/uploads\/slider-strojovy-park-006-color-75x50.jpg\" data-thumbTooltip=\"\" data-scaleUp=\"\" data-href=\"\" data-width=\"\" data-height=\"\" data-flashHasPriority=\"\" data-poster=\"\" data-autoplay=\"\" data-audiotitle=\"\" data-html=\"\" href=\"http:\/\/www.geostavdetva.sk\/wp-content\/uploads\/slider-strojovy-park-006-color.jpg\" ><img decoding=\"async\" src=\"http:\/\/www.geostavdetva.sk\/wp-content\/uploads\/slider-strojovy-park-006-color-980x420.jpg\" alt=\"\" itemprop=\"image\"><\/a>\r\n\t\t\t<div class=\"lighbox-description hidden\" id=\"lightbox-686960-description\">\r\n\t\t\t\t<strong>Machinery<\/strong><br>\r\n\t\t\t\t\r\n\t\t\t<\/div><\/div>\r\n\t\t\t\t\t<\/div>\r\n\t\t\t\t\t\r\n\t\t\t\t<div id=\"slider-image-carousel-928084-dots\" class=\"dots-holder\">\r\n\t\t\t\t<\/div>\r\n\t\t\t\r\n\t\t\t\t<\/div>\r\n\t\t\t[\/vc_column][\/vc_row][vc_row rt_row_background_width=&#8221;fullwidth&#8221; rt_row_content_width=&#8221;default&#8221; rt_row_style=&#8221;light-style&#8221; rt_row_borders=&#8221;&#8221; rt_row_paddings=&#8221;true&#8221; rt_bg_effect=&#8221;classic&#8221; rt_bg_image_repeat=&#8221;repeat&#8221; rt_bg_size=&#8221;cover&#8221; rt_bg_position=&#8221;right top&#8221; rt_bg_attachment=&#8221;scroll&#8221; rt_bg_video_format=&#8221;self-hosted&#8221; rt_padding_top=&#8221;30&#8243; rt_padding_bottom=&#8221;40&#8243;][vc_column width=&#8221;1\/2&#8243; rt_wrp_col_paddings=&#8221;false&#8221; rt_border_top=&#8221;&#8221; rt_border_bottom=&#8221;&#8221; rt_border_left=&#8221;&#8221; rt_border_right=&#8221;&#8221; rt_border_top_mobile=&#8221;&#8221; rt_border_bottom_mobile=&#8221;&#8221; rt_border_left_mobile=&#8221;&#8221; rt_border_right_mobile=&#8221;&#8221; rt_bg_image_repeat=&#8221;repeat&#8221; rt_bg_size=&#8221;auto auto&#8221; rt_bg_position=&#8221;right top&#8221; rt_bg_attachment=&#8221;scroll&#8221;]<div class=\"rt_heading_wrapper style-6\">\n\t\t\t\t\t\t<h2 class=\"rt_heading  style-6\" >Our services<\/h2>\n\t\t\t\t\t<\/div>[vc_row_inner rt_row_style=&#8221;global-style&#8221; rt_row_borders=&#8221;&#8221; rt_row_paddings=&#8221;true&#8221; rt_bg_effect=&#8221;classic&#8221; rt_bg_image_repeat=&#8221;repeat&#8221; rt_bg_size=&#8221;cover&#8221; rt_bg_position=&#8221;right top&#8221; rt_bg_attachment=&#8221;scroll&#8221; rt_bg_video_format=&#8221;self-hosted&#8221; css=&#8221;.vc_custom_1445004974546{margin-top: -20px !important;}&#8221;][vc_column_inner width=&#8221;1\/2&#8243; rt_wrp_col_paddings=&#8221;false&#8221; rt_border_top=&#8221;&#8221; rt_border_bottom=&#8221;&#8221; rt_border_left=&#8221;&#8221; rt_border_right=&#8221;&#8221; rt_border_top_mobile=&#8221;&#8221; rt_border_bottom_mobile=&#8221;&#8221; rt_border_left_mobile=&#8221;&#8221; rt_border_right_mobile=&#8221;&#8221; rt_bg_image_repeat=&#8221;repeat&#8221; rt_bg_size=&#8221;auto auto&#8221; rt_bg_position=&#8221;right top&#8221; rt_bg_attachment=&#8221;scroll&#8221;][vc_column_text]\n<ul>\n<li>\u00a0earthmoving<\/li>\n<li>\u00a0excavating<\/li>\n<li>\u00a0landscaping<\/li>\n<li>\u00a0material transfer<\/li>\n<\/ul>\n[\/vc_column_text][\/vc_column_inner][vc_column_inner width=&#8221;1\/2&#8243; rt_wrp_col_paddings=&#8221;false&#8221; rt_border_top=&#8221;&#8221; rt_border_bottom=&#8221;&#8221; rt_border_left=&#8221;&#8221; rt_border_right=&#8221;&#8221; rt_border_top_mobile=&#8221;&#8221; rt_border_bottom_mobile=&#8221;&#8221; rt_border_left_mobile=&#8221;&#8221; rt_border_right_mobile=&#8221;&#8221; rt_bg_image_repeat=&#8221;repeat&#8221; rt_bg_size=&#8221;auto auto&#8221; rt_bg_position=&#8221;right top&#8221; rt_bg_attachment=&#8221;scroll&#8221;][vc_column_text]\n<ul>\n<li>canalisation<\/li>\n<li>water mains<\/li>\n<li>servicing of construction machinery in our own workshop<\/li>\n<\/ul>\n[\/vc_column_text][\/vc_column_inner][\/vc_row_inner][\/vc_column][vc_column width=&#8221;1\/2&#8243; rt_wrp_col_paddings=&#8221;false&#8221; rt_border_top=&#8221;&#8221; rt_border_bottom=&#8221;&#8221; rt_border_left=&#8221;&#8221; rt_border_right=&#8221;&#8221; rt_border_top_mobile=&#8221;&#8221; rt_border_bottom_mobile=&#8221;&#8221; rt_border_left_mobile=&#8221;&#8221; rt_border_right_mobile=&#8221;&#8221; rt_bg_image_repeat=&#8221;repeat&#8221; rt_bg_size=&#8221;auto auto&#8221; rt_bg_position=&#8221;right top&#8221; rt_bg_attachment=&#8221;scroll&#8221;]<div class=\"rt_heading_wrapper style-6\">\n\t\t\t\t\t\t<h2 class=\"rt_heading  style-6\" >Transport of construction machinery<\/h2>\n\t\t\t\t\t<\/div>[vc_column_text css=&#8221;.vc_custom_1459792861516{margin-top: -20px !important;}&#8221;]In addition to implementation of work on individual construction projects we can also ensure the transport of our own, or that of our partners\u2019, construction machinery to construction sites using our own vehicles.[\/vc_column_text][\/vc_column][\/vc_row][vc_row rt_row_background_width=&#8221;default&#8221; rt_row_style=&#8221;default-style&#8221; rt_row_borders=&#8221;&#8221; rt_row_paddings=&#8221;true&#8221; rt_bg_effect=&#8221;classic&#8221; rt_bg_image_repeat=&#8221;repeat&#8221; rt_bg_size=&#8221;cover&#8221; rt_bg_position=&#8221;right top&#8221; rt_bg_attachment=&#8221;scroll&#8221; rt_bg_video_format=&#8221;self-hosted&#8221; rt_padding_bottom=&#8221;40&#8243;][vc_column width=&#8221;1\/2&#8243; rt_wrp_col_paddings=&#8221;false&#8221; rt_border_top=&#8221;&#8221; rt_border_bottom=&#8221;&#8221; rt_border_left=&#8221;&#8221; rt_border_right=&#8221;&#8221; rt_border_top_mobile=&#8221;&#8221; rt_border_bottom_mobile=&#8221;&#8221; rt_border_left_mobile=&#8221;&#8221; rt_border_right_mobile=&#8221;&#8221; rt_bg_image_repeat=&#8221;repeat&#8221; rt_bg_size=&#8221;auto auto&#8221; rt_bg_position=&#8221;right top&#8221; rt_bg_attachment=&#8221;scroll&#8221;][vc_single_image image=&#8221;199&#8243; img_size=&#8221;full&#8221;][\/vc_column][vc_column width=&#8221;1\/2&#8243; rt_wrp_col_paddings=&#8221;false&#8221; rt_border_top=&#8221;&#8221; rt_border_bottom=&#8221;&#8221; rt_border_left=&#8221;&#8221; rt_border_right=&#8221;&#8221; rt_border_top_mobile=&#8221;&#8221; rt_border_bottom_mobile=&#8221;&#8221; rt_border_left_mobile=&#8221;&#8221; rt_border_right_mobile=&#8221;&#8221; rt_bg_image_repeat=&#8221;repeat&#8221; rt_bg_size=&#8221;auto auto&#8221; rt_bg_position=&#8221;right top&#8221; rt_bg_attachment=&#8221;scroll&#8221;]<div  class=\"rt-toggle \"><ol><li  class=\"open\"><div class=\"toggle-head\"><div class=\"toggle-number\"><span class=\"icon-menu-1\"><\/span><\/div><div class=\"toggle-title\">Earthmoving machinery fleet<\/div><\/div><div class=\"toggle-content\"><p><strong>CAT 318, CAT 324, CAT 325, CAT 329, VOLVO 210, New Holland E215 C<\/strong>, <strong>Kobelco SK300 NLC<\/strong>, <strong>Hitachi ZX300<\/strong><\/p>\n<\/div><\/li><li  class=\"\"><div class=\"toggle-head\"><div class=\"toggle-number\"><span class=\"icon-menu-1\"><\/span><\/div><div class=\"toggle-title\">Tracked excavator<\/div><\/div><div class=\"toggle-content\"><p><strong>CAT 313, CAT 318, JCB 170<\/strong><\/p>\n<\/div><\/li><li  class=\"\"><div class=\"toggle-head\"><div class=\"toggle-number\"><span class=\"icon-menu-1\"><\/span><\/div><div class=\"toggle-title\">Wheeled excavator<\/div><\/div><div class=\"toggle-content\"><p><strong>CAT 444F, CAT 444F2, CAT 432E, CAT 432F2<\/strong><\/p>\n<\/div><\/li><li  class=\"\"><div class=\"toggle-head\"><div class=\"toggle-number\"><span class=\"icon-menu-1\"><\/span><\/div><div class=\"toggle-title\">Backhoe<\/div><\/div><div class=\"toggle-content\"><p><strong>VV111, AMMANN ASC 150, BOMAG 219<\/strong><\/p>\n<\/div><\/li><li  class=\"\"><div class=\"toggle-head\"><div class=\"toggle-number\"><span class=\"icon-menu-1\"><\/span><\/div><div class=\"toggle-title\">Steamroller<\/div><\/div><div class=\"toggle-content\"><p><strong>LOCUST 903, CAT 262C, CAT 262D<\/strong><\/p>\n<\/div><\/li><li  class=\"\"><div class=\"toggle-head\"><div class=\"toggle-number\"><span class=\"icon-menu-1\"><\/span><\/div><div class=\"toggle-title\">Skid-steer loader<\/div><\/div><div class=\"toggle-content\"><p><strong>Tatra 148 16 t, BUMAR 20 t, LIEBHERR 1035, LIEBHERR 1055<\/strong><\/p>\n<\/div><\/li><li  class=\"\"><div class=\"toggle-head\"><div class=\"toggle-number\"><span class=\"icon-menu-1\"><\/span><\/div><div class=\"toggle-title\">Bulldozers<\/div><\/div><div class=\"toggle-content\"><p><strong>CAT D5<\/strong>,\u00a0<strong>CAT D6<\/strong><\/p>\n<\/div><\/li><li  class=\"\"><div class=\"toggle-head\"><div class=\"toggle-number\"><span class=\"icon-menu-1\"><\/span><\/div><div class=\"toggle-title\">Mini excavators<\/div><\/div><div class=\"toggle-content\"><p><strong>BOBCAT<\/strong><\/p>\n<\/div><\/li><\/ol><\/div>[\/vc_column][\/vc_row]\n","protected":false},"excerpt":{"rendered":"<p>[vc_row rt_row_background_width=&#8221;default&#8221; rt_row_style=&#8221;alt-style-1&#8243; rt_row_borders=&#8221;&#8221; rt_overlap=&#8221;true&#8221; rt_row_paddings=&#8221;true&#8221; rt_bg_effect=&#8221;classic&#8221; rt_bg_image_repeat=&#8221;repeat&#8221; rt_bg_size=&#8221;cover&#8221; rt_bg_position=&#8221;right top&#8221; rt_bg_attachment=&#8221;scroll&#8221; rt_bg_video_format=&#8221;self-hosted&#8221;][vc_column rt_wrp_col_paddings=&#8221;false&#8221; rt_border_top=&#8221;&#8221; rt_border_bottom=&#8221;&#8221; rt_border_left=&#8221;&#8221; rt_border_right=&#8221;&#8221; rt_border_top_mobile=&#8221;&#8221; rt_border_bottom_mobile=&#8221;&#8221; rt_border_left_mobile=&#8221;&#8221; rt_border_right_mobile=&#8221;&#8221; rt_bg_image_repeat=&#8221;repeat&#8221; rt_bg_size=&#8221;auto auto&#8221; rt_bg_position=&#8221;right top&#8221; rt_bg_attachment=&#8221;scroll&#8221;][\/vc_column][\/vc_row][vc_row rt_row_background_width=&#8221;fullwidth&#8221; rt_row_content_width=&#8221;default&#8221; rt_row_style=&#8221;light-style&#8221; rt_row_borders=&#8221;&#8221; rt_row_paddings=&#8221;true&#8221; rt_bg_effect=&#8221;classic&#8221; rt_bg_image_repeat=&#8221;repeat&#8221; rt_bg_size=&#8221;cover&#8221; rt_bg_position=&#8221;right top&#8221; rt_bg_attachment=&#8221;scroll&#8221; rt_bg_video_format=&#8221;self-hosted&#8221; rt_padding_top=&#8221;30&#8243; rt_padding_bottom=&#8221;40&#8243;][vc_column width=&#8221;1\/2&#8243; rt_wrp_col_paddings=&#8221;false&#8221; rt_border_top=&#8221;&#8221; rt_border_bottom=&#8221;&#8221; rt_border_left=&#8221;&#8221; rt_border_right=&#8221;&#8221; rt_border_top_mobile=&#8221;&#8221; rt_border_bottom_mobile=&#8221;&#8221; rt_border_left_mobile=&#8221;&#8221; rt_border_right_mobile=&#8221;&#8221; rt_bg_image_repeat=&#8221;repeat&#8221; rt_bg_size=&#8221;auto auto&#8221; [&hellip;]<\/p>\n","protected":false},"author":1,"featured_media":0,"parent":0,"menu_order":5,"comment_status":"closed","ping_status":"closed","template":"","meta":{"_monsterinsights_skip_tracking":false,"_monsterinsights_sitenote_active":false,"_monsterinsights_sitenote_note":"","_monsterinsights_sitenote_category":0,"footnotes":""},"class_list":["post-330","page","type-page","status-publish","hentry"],"yoast_head":"<!-- This site is optimized with the Yoast SEO plugin v27.4 - https:\/\/yoast.com\/product\/yoast-seo-wordpress\/ -->\n<title>Machinery - GEOSTAV DETVA s.r.o.<\/title>\n<meta name=\"description\" content=\"In addition to implementation of work on individual construction projects we can also ensure the transport of our own, or that of our partners, construction\" \/>\n<meta name=\"robots\" content=\"index, follow, max-snippet:-1, max-image-preview:large, max-video-preview:-1\" \/>\n<link rel=\"canonical\" href=\"http:\/\/www.geostavdetva.sk\/en\/strojovy-park\/\" \/>\n<meta property=\"og:locale\" content=\"en_US\" \/>\n<meta property=\"og:type\" content=\"article\" \/>\n<meta property=\"og:title\" content=\"Machinery - GEOSTAV DETVA s.r.o.\" \/>\n<meta property=\"og:description\" content=\"In addition to implementation of work on individual construction projects we can also ensure the transport of our own, or that of our partners, construction\" \/>\n<meta property=\"og:url\" content=\"http:\/\/www.geostavdetva.sk\/en\/strojovy-park\/\" \/>\n<meta property=\"og:site_name\" content=\"GEOSTAV DETVA s.r.o.\" \/>\n<meta property=\"article:modified_time\" content=\"2024-04-05T06:40:55+00:00\" \/>\n<meta name=\"twitter:card\" content=\"summary_large_image\" \/>\n<meta name=\"twitter:label1\" content=\"Est. reading time\" \/>\n\t<meta name=\"twitter:data1\" content=\"2 minutes\" \/>\n<script type=\"application\/ld+json\" class=\"yoast-schema-graph\">{\"@context\":\"https:\\\/\\\/schema.org\",\"@graph\":[{\"@type\":\"WebPage\",\"@id\":\"http:\\\/\\\/www.geostavdetva.sk\\\/en\\\/strojovy-park\\\/\",\"url\":\"http:\\\/\\\/www.geostavdetva.sk\\\/en\\\/strojovy-park\\\/\",\"name\":\"Machinery - GEOSTAV DETVA s.r.o.\",\"isPartOf\":{\"@id\":\"http:\\\/\\\/www.geostavdetva.sk\\\/#website\"},\"datePublished\":\"2016-04-04T18:13:03+00:00\",\"dateModified\":\"2024-04-05T06:40:55+00:00\",\"description\":\"In addition to implementation of work on individual construction projects we can also ensure the transport of our own, or that of our partners, construction\",\"breadcrumb\":{\"@id\":\"http:\\\/\\\/www.geostavdetva.sk\\\/en\\\/strojovy-park\\\/#breadcrumb\"},\"inLanguage\":\"en-US\",\"potentialAction\":[{\"@type\":\"ReadAction\",\"target\":[\"http:\\\/\\\/www.geostavdetva.sk\\\/en\\\/strojovy-park\\\/\"]}]},{\"@type\":\"BreadcrumbList\",\"@id\":\"http:\\\/\\\/www.geostavdetva.sk\\\/en\\\/strojovy-park\\\/#breadcrumb\",\"itemListElement\":[{\"@type\":\"ListItem\",\"position\":1,\"name\":\"Domovsk\u00e1 str\u00e1nka\",\"item\":\"https:\\\/\\\/www.geostavdetva.sk\\\/en\\\/\"},{\"@type\":\"ListItem\",\"position\":2,\"name\":\"Machinery\"}]},{\"@type\":\"WebSite\",\"@id\":\"http:\\\/\\\/www.geostavdetva.sk\\\/#website\",\"url\":\"http:\\\/\\\/www.geostavdetva.sk\\\/\",\"name\":\"GEOSTAV DETVA s.r.o.\",\"description\":\"stavebn\u00e9 pr\u00e1ce a n\u00e1klad\u00e1 preprava\",\"potentialAction\":[{\"@type\":\"SearchAction\",\"target\":{\"@type\":\"EntryPoint\",\"urlTemplate\":\"http:\\\/\\\/www.geostavdetva.sk\\\/?s={search_term_string}\"},\"query-input\":{\"@type\":\"PropertyValueSpecification\",\"valueRequired\":true,\"valueName\":\"search_term_string\"}}],\"inLanguage\":\"en-US\"}]}<\/script>\n<!-- \/ Yoast SEO plugin. -->","yoast_head_json":{"title":"Machinery - GEOSTAV DETVA s.r.o.","description":"In addition to implementation of work on individual construction projects we can also ensure the transport of our own, or that of our partners, construction","robots":{"index":"index","follow":"follow","max-snippet":"max-snippet:-1","max-image-preview":"max-image-preview:large","max-video-preview":"max-video-preview:-1"},"canonical":"http:\/\/www.geostavdetva.sk\/en\/strojovy-park\/","og_locale":"en_US","og_type":"article","og_title":"Machinery - GEOSTAV DETVA s.r.o.","og_description":"In addition to implementation of work on individual construction projects we can also ensure the transport of our own, or that of our partners, construction","og_url":"http:\/\/www.geostavdetva.sk\/en\/strojovy-park\/","og_site_name":"GEOSTAV DETVA s.r.o.","article_modified_time":"2024-04-05T06:40:55+00:00","twitter_card":"summary_large_image","twitter_misc":{"Est. reading time":"2 minutes"},"schema":{"@context":"https:\/\/schema.org","@graph":[{"@type":"WebPage","@id":"http:\/\/www.geostavdetva.sk\/en\/strojovy-park\/","url":"http:\/\/www.geostavdetva.sk\/en\/strojovy-park\/","name":"Machinery - GEOSTAV DETVA s.r.o.","isPartOf":{"@id":"http:\/\/www.geostavdetva.sk\/#website"},"datePublished":"2016-04-04T18:13:03+00:00","dateModified":"2024-04-05T06:40:55+00:00","description":"In addition to implementation of work on individual construction projects we can also ensure the transport of our own, or that of our partners, construction","breadcrumb":{"@id":"http:\/\/www.geostavdetva.sk\/en\/strojovy-park\/#breadcrumb"},"inLanguage":"en-US","potentialAction":[{"@type":"ReadAction","target":["http:\/\/www.geostavdetva.sk\/en\/strojovy-park\/"]}]},{"@type":"BreadcrumbList","@id":"http:\/\/www.geostavdetva.sk\/en\/strojovy-park\/#breadcrumb","itemListElement":[{"@type":"ListItem","position":1,"name":"Domovsk\u00e1 str\u00e1nka","item":"https:\/\/www.geostavdetva.sk\/en\/"},{"@type":"ListItem","position":2,"name":"Machinery"}]},{"@type":"WebSite","@id":"http:\/\/www.geostavdetva.sk\/#website","url":"http:\/\/www.geostavdetva.sk\/","name":"GEOSTAV DETVA s.r.o.","description":"stavebn\u00e9 pr\u00e1ce a n\u00e1klad\u00e1 preprava","potentialAction":[{"@type":"SearchAction","target":{"@type":"EntryPoint","urlTemplate":"http:\/\/www.geostavdetva.sk\/?s={search_term_string}"},"query-input":{"@type":"PropertyValueSpecification","valueRequired":true,"valueName":"search_term_string"}}],"inLanguage":"en-US"}]}},"_links":{"self":[{"href":"http:\/\/www.geostavdetva.sk\/en\/wp-json\/wp\/v2\/pages\/330","targetHints":{"allow":["GET"]}}],"collection":[{"href":"http:\/\/www.geostavdetva.sk\/en\/wp-json\/wp\/v2\/pages"}],"about":[{"href":"http:\/\/www.geostavdetva.sk\/en\/wp-json\/wp\/v2\/types\/page"}],"author":[{"embeddable":true,"href":"http:\/\/www.geostavdetva.sk\/en\/wp-json\/wp\/v2\/users\/1"}],"replies":[{"embeddable":true,"href":"http:\/\/www.geostavdetva.sk\/en\/wp-json\/wp\/v2\/comments?post=330"}],"version-history":[{"count":6,"href":"http:\/\/www.geostavdetva.sk\/en\/wp-json\/wp\/v2\/pages\/330\/revisions"}],"predecessor-version":[{"id":489,"href":"http:\/\/www.geostavdetva.sk\/en\/wp-json\/wp\/v2\/pages\/330\/revisions\/489"}],"wp:attachment":[{"href":"http:\/\/www.geostavdetva.sk\/en\/wp-json\/wp\/v2\/media?parent=330"}],"curies":[{"name":"wp","href":"https:\/\/api.w.org\/{rel}","templated":true}]}}