{"id":292,"date":"2016-04-04T14:07:44","date_gmt":"2016-04-04T12:07:44","guid":{"rendered":"http:\/\/www.geostavdetva.sk\/en\/?page_id=292"},"modified":"2024-11-20T19:19:12","modified_gmt":"2024-11-20T17:19:12","slug":"enprice-list","status":"publish","type":"page","link":"https:\/\/www.geostavdetva.sk\/en\/enprice-list\/","title":{"rendered":"Price list"},"content":{"rendered":"[vc_row rt_row_background_width=&#8221;default&#8221; rt_row_style=&#8221;alt-style-2&#8243; rt_row_borders=&#8221;&#8221; rt_overlap=&#8221;true&#8221; rt_row_paddings=&#8221;true&#8221; rt_bg_effect=&#8221;classic&#8221; rt_bg_image_repeat=&#8221;repeat&#8221; rt_bg_size=&#8221;cover&#8221; rt_bg_position=&#8221;right top&#8221; rt_bg_attachment=&#8221;scroll&#8221; rt_bg_video_format=&#8221;self-hosted&#8221; rt_padding_top=&#8221;20&#8243; rt_padding_bottom=&#8221;0&#8243; rt_padding_left=&#8221;25&#8243; rt_padding_right=&#8221;25&#8243; rt_bg_color=&#8221;#fafafa&#8221;][vc_column rt_wrp_col_paddings=&#8221;false&#8221; rt_border_top=&#8221;&#8221; rt_border_bottom=&#8221;&#8221; rt_border_left=&#8221;&#8221; rt_border_right=&#8221;&#8221; rt_border_top_mobile=&#8221;&#8221; rt_border_bottom_mobile=&#8221;&#8221; rt_border_left_mobile=&#8221;&#8221; rt_border_right_mobile=&#8221;&#8221; rt_bg_image_repeat=&#8221;repeat&#8221; rt_bg_size=&#8221;auto auto&#8221; rt_bg_position=&#8221;right top&#8221; rt_bg_attachment=&#8221;scroll&#8221; rt_padding_top=&#8221;20&#8243; rt_padding_bottom=&#8221;20&#8243; rt_padding_left=&#8221;30&#8243; rt_padding_right=&#8221;30&#8243; rt_bg_color=&#8221;#9c0f06&#8243;]\n\t\t\t\t<div  class=\"banner line14withbutton clearfix\" data-rt-animate=\"animate\" data-rt-animation-type=\"fadeIn\" data-rt-animation-group=\"single\" >\n\t\t\t\t\t<div class=\"featured_text\">\n\t\t\t\t\t\t<h3>The prices offered may be subject to mutual negotiation<\/h3>\n\n\t\t\t\t\t<\/div>\n\t\t\t\t\t<div class=\"button_holder\"><div>\n\t\t\t<div class=\"button_wrapper \"><a  href=\"\/en\/contact#formular\" target=\"_self\" title=\"Request an offer\" class=\"button_  color big\"><span class=\"icon-mail-1\"><\/span>Request an offer<\/a><\/div>\n\t\t<\/div><\/div>\t\t\t\t\n\t\t\t\t<\/div>\n\t\t\t[\/vc_column][\/vc_row][vc_row rt_row_background_width=&#8221;default&#8221; rt_row_style=&#8221;default-style&#8221; rt_row_borders=&#8221;&#8221; rt_row_paddings=&#8221;true&#8221; rt_bg_effect=&#8221;classic&#8221; rt_bg_image_repeat=&#8221;repeat&#8221; rt_bg_size=&#8221;cover&#8221; rt_bg_position=&#8221;right top&#8221; rt_bg_attachment=&#8221;scroll&#8221; rt_bg_video_format=&#8221;self-hosted&#8221; rt_padding_bottom=&#8221;40&#8243;][vc_column rt_wrp_col_paddings=&#8221;false&#8221; rt_border_top=&#8221;&#8221; rt_border_bottom=&#8221;&#8221; rt_border_left=&#8221;&#8221; rt_border_right=&#8221;&#8221; rt_border_top_mobile=&#8221;&#8221; rt_border_bottom_mobile=&#8221;&#8221; rt_border_left_mobile=&#8221;&#8221; rt_border_right_mobile=&#8221;&#8221; rt_bg_image_repeat=&#8221;repeat&#8221; rt_bg_size=&#8221;auto auto&#8221; rt_bg_position=&#8221;right top&#8221; rt_bg_attachment=&#8221;scroll&#8221;][vc_table][borders_all;bg#666666;c#ffffff]Service,[borders_all;bg#666666;c#ffffff;align-center]No.%20of%20pcs.,[align-center;borders_all;borders_all;bg#666666;c#ffffff]Price%20(%E2%82%AC%2Fhrs.),[align-center;borders_all;borders_all;bg#666666;c#ffffff]Price%20(%E2%82%AC%2Fkm)|[borders_all]Crawler%20excavator%20(CAT%20324%2C%20CAT%20325%2C%20NEW%20HOLLAND)%20-%2025%20t,[borders_all;align-center]3,[align-center;borders_all;borders_all]68%2C00%E2%82%AC,[align-center;borders_all;borders_all]|[borders_all]Crawler%20excavator%20(HITACHI%2C%20KOBELCO)%20-%2030%20t,[borders_all;align-center]2,[align-center;borders_all;borders_all]75%2C00%20%E2%82%AC,[align-center;borders_all;borders_all]|[borders_all]Crawler%20excavator%20with%20demolition%20hammer,[borders_all;align-center]1,[align-center;borders_all;borders_all]90%2C00%20%E2%82%AC,[align-center;borders_all;borders_all]|[borders_all]Wheeled%20excavator%20CAT%20M313D,[borders_all;align-center]1,[align-center;borders_all;borders_all]50%2C00%20%E2%82%AC,[align-center;borders_all;borders_all]|[borders_all]Wheeled%20excavator%20CAT%20M318D,[borders_all;align-center]1,[align-center;borders_all;borders_all]55%2C00%20%E2%82%AC,[align-center;borders_all;borders_all]|[borders_all]Cargo%20transport%20TATRA%20815,[borders_all;align-center]1,[align-center;borders_all;borders_all]27%2C00%20%E2%82%AC,[align-center;borders_all;borders_all]1%2C80%20%E2%82%AC|[borders_all]Cargo%20transport%208%C3%974%2C%208%C3%976%2C%208%C3%978,[borders_all;align-center]12,[align-center;borders_all;borders_all]42%2C00%20%E2%82%AC,[align-center;borders_all;borders_all]2%2C00%20%E2%82%AC|[borders_all]Cargo%20transport%20truck%20%2B%20trailer,[borders_all;align-center]5,[align-center;borders_all;borders_all]37%2C00%20%E2%82%AC,[align-center;borders_all;borders_all]1%2C90%20%E2%82%AC|[borders_all]Cargo%20transport%20TATRA-JAMAL%2C%20MAN%206%C3%976,[borders_all;align-center]4,[align-center;borders_all;borders_all]32%2C00%20%E2%82%AC,[align-center;borders_all;borders_all]32%2C00%20%E2%82%AC|[borders_all]Backhoe%20loader%20CAT%20444,[borders_all;align-center]2,[align-center;borders_all;borders_all]45%2C00%20%E2%82%AC,[align-center;borders_all;borders_all]1%2C90%20%E2%82%AC|[borders_all]Backhoe%20loader%20with%20demolition%20hammer,[borders_all;align-center]2,[align-center;borders_all;borders_all]55%2C00%20%E2%82%AC,[align-center;borders_all;borders_all]|[borders_all]Roadpressure%20ATMOS%20PDP28,[borders_all;align-center]1,[align-center;borders_all;borders_all]90%E2%82%AC%2Fmeter,[align-center;borders_all;borders_all]0%2C90%20%E2%82%AC|[borders_all]Roller%20Ammann%2016%20t%2C%20Dynapac%2014%20t,[borders_all;align-center]2,[align-center;borders_all;borders_all]38%2C00%20%E2%82%AC,[align-center;borders_all;borders_all]|[borders_all]Roller%20Bomag%2019%20t,[borders_all;align-center]1,[align-center;borders_all;borders_all]40%2C00%20%E2%82%AC,[align-center;borders_all;borders_all]|[borders_all]Skid%20steer%20loader%20LOCUST%20903%2C%20CAT%20262,[borders_all;align-center]3,[align-center;borders_all;borders_all]35%2C00%20%E2%82%AC,[align-center;borders_all;borders_all]|[borders_all]Skid%20steer%20loader%20with%20sweeping%20device,[borders_all;align-center]1,[align-center;borders_all;borders_all]40%2C00%20%E2%82%AC,[align-center;borders_all;borders_all]|[borders_all]Trailer%20Schwarzm%C3%BCller%20-%2020%20t,[borders_all;align-center]1,[align-center;borders_all;borders_all]30%2C00%20%E2%82%AC,[align-center;borders_all;borders_all]30%2C00%20%E2%82%AC|[borders_all]Trailer%20Goldhofer%20-%2025%20t%20%2F%20Trailer%20SCANIA%20-%2012m%20loading%20space,[borders_all;align-center]2,[align-center;borders_all;borders_all]30%2C00%20%E2%82%AC,[align-center;borders_all;borders_all]2%2C10%20%E2%82%AC|[borders_all]Mini-excavator%20BOBCAT%20-%203%2C5%20t,[borders_all;align-center]1,[align-center;borders_all;borders_all]35%2C00%20%E2%82%AC,[align-center;borders_all;borders_all]35%2C00%20%E2%82%AC|[borders_all]Crane%20-%2035%20t,[borders_all;align-center]3,[align-center;borders_all;borders_all]65%2C00%20%E2%82%AC,[align-center;borders_all;borders_all]3%2C00%20%E2%82%AC|[borders_all]Crane%20-%2055%20t,[borders_all;align-center]1,[borders_all;borders_all;align-center]95%2C00%20%E2%82%AC,[borders_all;borders_all;align-center]3%2C80%20%E2%82%AC|[borders_all]Sprinkler%20vehicle,[borders_all;align-center]1,[borders_all;align-center]40%2C00%20%E2%82%AC,[borders_all;align-center]1%2C90%20%E2%82%AC|[borders_all]Dozer%20CAT%20D6,[borders_all;align-center]1,[borders_all;borders_all;align-center]75%2C00%20%E2%82%AC,[borders_all;borders_all;align-center][\/vc_table][vc_column_text]<strong>Price list is valid from 1. 9. 2024<br \/>\nPrices shown excluding VAT 20%.<\/strong><br \/>\n<strong>Price list compiled by:<em> Martin Sedliak (0907 090\u00a0326)<\/em><\/strong>[\/vc_column_text][\/vc_column][\/vc_row]\n","protected":false},"excerpt":{"rendered":"<p>[vc_row rt_row_background_width=&#8221;default&#8221; rt_row_style=&#8221;alt-style-2&#8243; rt_row_borders=&#8221;&#8221; rt_overlap=&#8221;true&#8221; rt_row_paddings=&#8221;true&#8221; rt_bg_effect=&#8221;classic&#8221; rt_bg_image_repeat=&#8221;repeat&#8221; rt_bg_size=&#8221;cover&#8221; rt_bg_position=&#8221;right top&#8221; rt_bg_attachment=&#8221;scroll&#8221; rt_bg_video_format=&#8221;self-hosted&#8221; rt_padding_top=&#8221;20&#8243; rt_padding_bottom=&#8221;0&#8243; rt_padding_left=&#8221;25&#8243; rt_padding_right=&#8221;25&#8243; rt_bg_color=&#8221;#fafafa&#8221;][vc_column rt_wrp_col_paddings=&#8221;false&#8221; rt_border_top=&#8221;&#8221; rt_border_bottom=&#8221;&#8221; rt_border_left=&#8221;&#8221; rt_border_right=&#8221;&#8221; rt_border_top_mobile=&#8221;&#8221; rt_border_bottom_mobile=&#8221;&#8221; rt_border_left_mobile=&#8221;&#8221; rt_border_right_mobile=&#8221;&#8221; rt_bg_image_repeat=&#8221;repeat&#8221; rt_bg_size=&#8221;auto auto&#8221; rt_bg_position=&#8221;right top&#8221; rt_bg_attachment=&#8221;scroll&#8221; rt_padding_top=&#8221;20&#8243; rt_padding_bottom=&#8221;20&#8243; rt_padding_left=&#8221;30&#8243; rt_padding_right=&#8221;30&#8243; rt_bg_color=&#8221;#9c0f06&#8243;][\/vc_column][\/vc_row][vc_row rt_row_background_width=&#8221;default&#8221; rt_row_style=&#8221;default-style&#8221; rt_row_borders=&#8221;&#8221; rt_row_paddings=&#8221;true&#8221; rt_bg_effect=&#8221;classic&#8221; rt_bg_image_repeat=&#8221;repeat&#8221; rt_bg_size=&#8221;cover&#8221; rt_bg_position=&#8221;right top&#8221; rt_bg_attachment=&#8221;scroll&#8221; rt_bg_video_format=&#8221;self-hosted&#8221; rt_padding_bottom=&#8221;40&#8243;][vc_column rt_wrp_col_paddings=&#8221;false&#8221; rt_border_top=&#8221;&#8221; rt_border_bottom=&#8221;&#8221; rt_border_left=&#8221;&#8221; rt_border_right=&#8221;&#8221; [&hellip;]<\/p>\n","protected":false},"author":1,"featured_media":0,"parent":0,"menu_order":7,"comment_status":"closed","ping_status":"closed","template":"","meta":{"_monsterinsights_skip_tracking":false,"_monsterinsights_sitenote_active":false,"_monsterinsights_sitenote_note":"","_monsterinsights_sitenote_category":0,"footnotes":""},"class_list":["post-292","page","type-page","status-publish","hentry"],"yoast_head":"<!-- This site is optimized with the Yoast SEO plugin v27.4 - https:\/\/yoast.com\/product\/yoast-seo-wordpress\/ -->\n<title>Price list - GEOSTAV DETVA s.r.o.<\/title>\n<meta name=\"description\" content=\"The prices offered may be subject to mutual negotiation. Price list is valid from 1. 11. 2015.\" \/>\n<meta name=\"robots\" content=\"index, follow, max-snippet:-1, max-image-preview:large, max-video-preview:-1\" \/>\n<link rel=\"canonical\" href=\"https:\/\/www.geostavdetva.sk\/en\/enprice-list\/\" \/>\n<meta property=\"og:locale\" content=\"en_US\" \/>\n<meta property=\"og:type\" content=\"article\" \/>\n<meta property=\"og:title\" content=\"Price list - GEOSTAV DETVA s.r.o.\" \/>\n<meta property=\"og:description\" content=\"The prices offered may be subject to mutual negotiation. Price list is valid from 1. 11. 2015.\" \/>\n<meta property=\"og:url\" content=\"https:\/\/www.geostavdetva.sk\/en\/enprice-list\/\" \/>\n<meta property=\"og:site_name\" content=\"GEOSTAV DETVA s.r.o.\" \/>\n<meta property=\"article:modified_time\" content=\"2024-11-20T17:19:12+00:00\" \/>\n<meta name=\"twitter:card\" content=\"summary_large_image\" \/>\n<meta name=\"twitter:label1\" content=\"Est. reading time\" \/>\n\t<meta name=\"twitter:data1\" content=\"1 minute\" \/>\n<script type=\"application\/ld+json\" class=\"yoast-schema-graph\">{\"@context\":\"https:\\\/\\\/schema.org\",\"@graph\":[{\"@type\":\"WebPage\",\"@id\":\"https:\\\/\\\/www.geostavdetva.sk\\\/en\\\/enprice-list\\\/\",\"url\":\"https:\\\/\\\/www.geostavdetva.sk\\\/en\\\/enprice-list\\\/\",\"name\":\"Price list - GEOSTAV DETVA s.r.o.\",\"isPartOf\":{\"@id\":\"http:\\\/\\\/www.geostavdetva.sk\\\/#website\"},\"datePublished\":\"2016-04-04T12:07:44+00:00\",\"dateModified\":\"2024-11-20T17:19:12+00:00\",\"description\":\"The prices offered may be subject to mutual negotiation. Price list is valid from 1. 11. 2015.\",\"breadcrumb\":{\"@id\":\"https:\\\/\\\/www.geostavdetva.sk\\\/en\\\/enprice-list\\\/#breadcrumb\"},\"inLanguage\":\"en-US\",\"potentialAction\":[{\"@type\":\"ReadAction\",\"target\":[\"https:\\\/\\\/www.geostavdetva.sk\\\/en\\\/enprice-list\\\/\"]}]},{\"@type\":\"BreadcrumbList\",\"@id\":\"https:\\\/\\\/www.geostavdetva.sk\\\/en\\\/enprice-list\\\/#breadcrumb\",\"itemListElement\":[{\"@type\":\"ListItem\",\"position\":1,\"name\":\"Domovsk\u00e1 str\u00e1nka\",\"item\":\"https:\\\/\\\/www.geostavdetva.sk\\\/en\\\/\"},{\"@type\":\"ListItem\",\"position\":2,\"name\":\"Price list\"}]},{\"@type\":\"WebSite\",\"@id\":\"http:\\\/\\\/www.geostavdetva.sk\\\/#website\",\"url\":\"http:\\\/\\\/www.geostavdetva.sk\\\/\",\"name\":\"GEOSTAV DETVA s.r.o.\",\"description\":\"stavebn\u00e9 pr\u00e1ce a n\u00e1klad\u00e1 preprava\",\"potentialAction\":[{\"@type\":\"SearchAction\",\"target\":{\"@type\":\"EntryPoint\",\"urlTemplate\":\"http:\\\/\\\/www.geostavdetva.sk\\\/?s={search_term_string}\"},\"query-input\":{\"@type\":\"PropertyValueSpecification\",\"valueRequired\":true,\"valueName\":\"search_term_string\"}}],\"inLanguage\":\"en-US\"}]}<\/script>\n<!-- \/ Yoast SEO plugin. -->","yoast_head_json":{"title":"Price list - GEOSTAV DETVA s.r.o.","description":"The prices offered may be subject to mutual negotiation. Price list is valid from 1. 11. 2015.","robots":{"index":"index","follow":"follow","max-snippet":"max-snippet:-1","max-image-preview":"max-image-preview:large","max-video-preview":"max-video-preview:-1"},"canonical":"https:\/\/www.geostavdetva.sk\/en\/enprice-list\/","og_locale":"en_US","og_type":"article","og_title":"Price list - GEOSTAV DETVA s.r.o.","og_description":"The prices offered may be subject to mutual negotiation. Price list is valid from 1. 11. 2015.","og_url":"https:\/\/www.geostavdetva.sk\/en\/enprice-list\/","og_site_name":"GEOSTAV DETVA s.r.o.","article_modified_time":"2024-11-20T17:19:12+00:00","twitter_card":"summary_large_image","twitter_misc":{"Est. reading time":"1 minute"},"schema":{"@context":"https:\/\/schema.org","@graph":[{"@type":"WebPage","@id":"https:\/\/www.geostavdetva.sk\/en\/enprice-list\/","url":"https:\/\/www.geostavdetva.sk\/en\/enprice-list\/","name":"Price list - GEOSTAV DETVA s.r.o.","isPartOf":{"@id":"http:\/\/www.geostavdetva.sk\/#website"},"datePublished":"2016-04-04T12:07:44+00:00","dateModified":"2024-11-20T17:19:12+00:00","description":"The prices offered may be subject to mutual negotiation. Price list is valid from 1. 11. 2015.","breadcrumb":{"@id":"https:\/\/www.geostavdetva.sk\/en\/enprice-list\/#breadcrumb"},"inLanguage":"en-US","potentialAction":[{"@type":"ReadAction","target":["https:\/\/www.geostavdetva.sk\/en\/enprice-list\/"]}]},{"@type":"BreadcrumbList","@id":"https:\/\/www.geostavdetva.sk\/en\/enprice-list\/#breadcrumb","itemListElement":[{"@type":"ListItem","position":1,"name":"Domovsk\u00e1 str\u00e1nka","item":"https:\/\/www.geostavdetva.sk\/en\/"},{"@type":"ListItem","position":2,"name":"Price list"}]},{"@type":"WebSite","@id":"http:\/\/www.geostavdetva.sk\/#website","url":"http:\/\/www.geostavdetva.sk\/","name":"GEOSTAV DETVA s.r.o.","description":"stavebn\u00e9 pr\u00e1ce a n\u00e1klad\u00e1 preprava","potentialAction":[{"@type":"SearchAction","target":{"@type":"EntryPoint","urlTemplate":"http:\/\/www.geostavdetva.sk\/?s={search_term_string}"},"query-input":{"@type":"PropertyValueSpecification","valueRequired":true,"valueName":"search_term_string"}}],"inLanguage":"en-US"}]}},"_links":{"self":[{"href":"https:\/\/www.geostavdetva.sk\/en\/wp-json\/wp\/v2\/pages\/292","targetHints":{"allow":["GET"]}}],"collection":[{"href":"https:\/\/www.geostavdetva.sk\/en\/wp-json\/wp\/v2\/pages"}],"about":[{"href":"https:\/\/www.geostavdetva.sk\/en\/wp-json\/wp\/v2\/types\/page"}],"author":[{"embeddable":true,"href":"https:\/\/www.geostavdetva.sk\/en\/wp-json\/wp\/v2\/users\/1"}],"replies":[{"embeddable":true,"href":"https:\/\/www.geostavdetva.sk\/en\/wp-json\/wp\/v2\/comments?post=292"}],"version-history":[{"count":8,"href":"https:\/\/www.geostavdetva.sk\/en\/wp-json\/wp\/v2\/pages\/292\/revisions"}],"predecessor-version":[{"id":373,"href":"https:\/\/www.geostavdetva.sk\/en\/wp-json\/wp\/v2\/pages\/292\/revisions\/373"}],"wp:attachment":[{"href":"https:\/\/www.geostavdetva.sk\/en\/wp-json\/wp\/v2\/media?parent=292"}],"curies":[{"name":"wp","href":"https:\/\/api.w.org\/{rel}","templated":true}]}}