{"id":298,"date":"2016-04-04T14:32:23","date_gmt":"2016-04-04T12:32:23","guid":{"rendered":"http:\/\/www.geostavdetva.sk\/en\/?page_id=298"},"modified":"2024-04-05T09:54:51","modified_gmt":"2024-04-05T07:54:51","slug":"references","status":"publish","type":"page","link":"https:\/\/www.geostavdetva.sk\/en\/references\/","title":{"rendered":"References"},"content":{"rendered":"[vc_row rt_row_background_width=&#8221;default&#8221; rt_row_style=&#8221;default-style&#8221; rt_row_borders=&#8221;&#8221; rt_overlap=&#8221;true&#8221; rt_row_paddings=&#8221;true&#8221; rt_bg_effect=&#8221;classic&#8221; rt_bg_image_repeat=&#8221;repeat&#8221; rt_bg_size=&#8221;cover&#8221; rt_bg_position=&#8221;right top&#8221; rt_bg_attachment=&#8221;scroll&#8221; rt_bg_video_format=&#8221;self-hosted&#8221; rt_bg_color=&#8221;#fafafa&#8221; rt_padding_bottom=&#8221;40&#8243;][vc_column rt_wrp_col_paddings=&#8221;false&#8221; rt_border_top=&#8221;&#8221; rt_border_bottom=&#8221;&#8221; rt_border_left=&#8221;&#8221; rt_border_right=&#8221;&#8221; rt_border_top_mobile=&#8221;&#8221; rt_border_bottom_mobile=&#8221;&#8221; rt_border_left_mobile=&#8221;&#8221; rt_border_right_mobile=&#8221;&#8221; rt_bg_image_repeat=&#8221;repeat&#8221; rt_bg_size=&#8221;auto auto&#8221; rt_bg_position=&#8221;right top&#8221; rt_bg_attachment=&#8221;scroll&#8221;]\t \n\t\t<div  class=\"chained_contents style-2  left\" data-rt-animation-group=\"group\" >\n\t\t\t \n\t\t<div  class=\"no-margin-bottom\" data-rt-animate=\"animate\" data-rt-animation-type=\"fadeInDown\">\n\t\t<span class=\"icon-cubes icon\"><\/span><div class=\"list-content\"><p>We offer a <strong>comprehensive package<\/strong> of services in the field of construction implementation, especially excavation, earthmoving, haulage and all related matters.<\/p>\n<\/div>\n\t\t<\/div>\n\t\t \n\t\t<div  class=\"no-margin-bottom\" data-rt-animate=\"animate\" data-rt-animation-type=\"fadeInDown\">\n\t\t<span class=\"icon-trophy icon\"><\/span><div class=\"list-content\"><p>We have a <strong>stable position<\/strong> on the Slovak construction market that we continually strive to strengthen by the quality of our services and accommodating attitude to our clients.<\/p>\n<\/div>\n\t\t<\/div>\n\t\t \n\t\t<div  class=\"no-margin-bottom\" data-rt-animate=\"animate\" data-rt-animation-type=\"fadeInDown\">\n\t\t<span class=\"icon-users icon\"><\/span><div class=\"list-content\"><p>Today, thanks to our team which undertakes these construction activities we can boast <strong>numerous satisfied customers<\/strong> and successfully realized construction projects.<\/p>\n<\/div>\n\t\t<\/div>\n\t\t \n\t\t<div  class=\"no-margin-bottom\" data-rt-animate=\"animate\" data-rt-animation-type=\"fadeInDown\">\n\t\t<div class=\"list-content\"><\/div>\n\t\t<\/div>\n\t\n\t\t<\/div>\n\t[vc_empty_space][vc_text_separator title=&#8221;Refer also to selected older references \u2013 construction and projects participated in&#8221; color=&#8221;custom&#8221; border_width=&#8221;2&#8243; accent_color=&#8221;#9c0f06&#8243; el_class=&#8221;h4&#8243; css=&#8221;.vc_custom_1459777327413{margin-bottom: 30px !important;}&#8221;]<div class=\"rt_tabs clearfix  left tab-style-2\"  data-tab-style=\"tab-style-2\"><ul class=\"tab_nav hidden-xs\"><li class=\"tab_title  active\" id=\"tab-1-title\" data-tab-number=\"1\"><span class=\"ch icon-check\"><\/span>References 2023<\/li><li class=\"tab_title \" id=\"tab-2-title\" data-tab-number=\"2\"><span class=\"ch icon-check\"><\/span>References 2022<\/li><li class=\"tab_title \" id=\"tab-3-title\" data-tab-number=\"3\"><span class=\"ch icon-check\"><\/span>References 2021<\/li><li class=\"tab_title \" id=\"tab-4-title\" data-tab-number=\"4\"><span class=\"ch icon-check\"><\/span>References 2020<\/li><li class=\"tab_title \" id=\"tab-5-title\" data-tab-number=\"5\"><span class=\"ch icon-check\"><\/span>References 2019<\/li><li class=\"tab_title \" id=\"tab-6-title\" data-tab-number=\"6\"><span class=\"ch icon-check\"><\/span>References 2018<\/li><li class=\"tab_title \" id=\"tab-7-title\" data-tab-number=\"7\"><span class=\"ch icon-check\"><\/span>References 2017<\/li><li class=\"tab_title \" id=\"tab-8-title\" data-tab-number=\"8\"><span class=\"ch icon-check\"><\/span>References 2016<\/li><li class=\"tab_title \" id=\"tab-9-title\" data-tab-number=\"9\"><span class=\"icon-check\"><\/span>References 2015<\/li><li class=\"tab_title \" id=\"tab-10-title\" data-tab-number=\"10\"><span class=\"icon-check\"><\/span>References 2014<\/li><li class=\"tab_title \" id=\"tab-11-title\" data-tab-number=\"11\"><span class=\"icon-check\"><\/span>References 2013<\/li><\/ul><div class=\"tab_contents\"><div class=\"tab_content_wrapper animation  active\" id=\"tab-1\" data-tab-content=\"1\">\n\t\t\t\t\t\t<div id=\"tab-1-inline-title\" class=\"tab_title visible-xs\" data-tab-number=\"1\"><span class=\"ch icon-check\"><\/span>References 2023<\/div>\n\t\t\t\t\t\t<div class=\"tab_content\"><div class=\"table-responsive\"><table  style=\"width:100%; \"  class=\"easy-table easy-table-default \" >\n<tbody>\r\n<tr><td ><strong>HSF SYSTEM SK<\/strong> <\/td>\n<td >Shopping centre Zvolen \u2013 OBI<\/td>\n<\/tr>\n\r\n<tr><td ><strong>STRABAG<\/strong><\/td>\n<td >Construction R2 Kriv\u00e1\u0148 \u2013 M\u00fdtna<\/td>\n<\/tr>\n\r\n<tr><td ><strong>STRABAG AG<\/strong> <\/td>\n<td >Construction D1 \u0158\u00edkovce \u2013 P\u0159erov<\/td>\n<\/tr>\n\r\n<tr><td ><strong>VGP PARK ZVOLEN<\/strong> <\/td>\n<td >Rough landscaping and roads<\/td>\n<\/tr>\n\r\n<tr><td ><strong>VOD \u2013 EKO<\/strong> <\/td>\n<td >Shopping centre Kaufland Detva<\/td>\n<\/tr>\n\r\n<tr><td ><strong>INTERCABLE<\/strong> <\/td>\n<td >Parking lots nad intra campus roads<\/td>\n<\/tr>\n<\/tbody><\/table><\/div>\n<\/div>\n\t\t\t\t\t<\/div><div class=\"tab_content_wrapper animation \" id=\"tab-2\" data-tab-content=\"2\">\n\t\t\t\t\t\t<div id=\"tab-2-inline-title\" class=\"tab_title visible-xs\" data-tab-number=\"2\"><span class=\"ch icon-check\"><\/span>References 2022<\/div>\n\t\t\t\t\t\t<div class=\"tab_content\"><div class=\"table-responsive\"><table  style=\"width:100%; \"  class=\"easy-table easy-table-default \" >\n<tbody>\r\n<tr><td ><strong>HSF SYSTEM SK<\/strong> <\/td>\n<td >Rough landscaping Kysuck\u00e9 nov\u00e9 mesto \u2013 Kamence<\/td>\n<\/tr>\n\r\n<tr><td ><strong>DOPRASTAV<\/strong><\/td>\n<td >Reconstruction of bridge Pren\u010dov<\/td>\n<\/tr>\n\r\n<tr><td ><strong>METROSTAV DS<\/strong> <\/td>\n<td >Construction R2 M\u00fdtna \u2013 Tom\u00e1\u0161ovce<\/td>\n<\/tr>\n\r\n<tr><td ><strong>HOCHTIEF SK<\/strong> <\/td>\n<td >Construction of road drainage R2 M\u00fdtna \u2013 Tom\u00e1\u0161ovce<\/td>\n<\/tr>\n\r\n<tr><td ><strong>STRABAG<\/strong> <\/td>\n<td >Construction R2 Kriv\u00e1\u0148 \u2013 M\u00fdtna<\/td>\n<\/tr>\n\r\n<tr><td ><strong>CITY of VE\u013dK\u00dd KRT\u00cd\u0160<\/strong> <\/td>\n<td >Construction od collecting rainwater<\/td>\n<\/tr>\n\r\n<tr><td ><strong>VGP PARK ZVOLEN<\/strong> <\/td>\n<td >Rough landscaping and melioration canals<\/td>\n<\/tr>\n\r\n<tr><td ><strong>BTK<\/strong> <\/td>\n<td >Rough landscaping Rezidencia HRON<\/td>\n<\/tr>\n<\/tbody><\/table><\/div>\n<\/div>\n\t\t\t\t\t<\/div><div class=\"tab_content_wrapper animation \" id=\"tab-3\" data-tab-content=\"3\">\n\t\t\t\t\t\t<div id=\"tab-3-inline-title\" class=\"tab_title visible-xs\" data-tab-number=\"3\"><span class=\"ch icon-check\"><\/span>References 2021<\/div>\n\t\t\t\t\t\t<div class=\"tab_content\"><div class=\"table-responsive\"><table  style=\"width:100%; \"  class=\"easy-table easy-table-default \" >\n<tbody>\r\n<tr><td ><strong>METROSTAV DS<\/strong> <\/td>\n<td >Construction R2 M\u00fdtna \u2013 Tom\u00e1\u0161ovce<\/td>\n<\/tr>\n\r\n<tr><td ><strong>HOCHTIEF SK<\/strong><\/td>\n<td >Construction of road drainage R2 M\u00fdtna \u2013 Tom\u00e1\u0161ovce<\/td>\n<\/tr>\n\r\n<tr><td ><strong>STRABAG<\/strong> <\/td>\n<td >Construction R2 Kriv\u00e1\u0148 \u2013 M\u00fdtna<\/td>\n<\/tr>\n\r\n<tr><td ><strong>COMBIN<\/strong> <\/td>\n<td >Reconstruction of water dam \u013dadovo<\/td>\n<\/tr>\n\r\n<tr><td ><strong>HSF SYSTEM SK<\/strong> <\/td>\n<td >Rough landscaping Logistics center Trnava<\/td>\n<\/tr>\n<\/tbody><\/table><\/div>\n<\/div>\n\t\t\t\t\t<\/div><div class=\"tab_content_wrapper animation \" id=\"tab-4\" data-tab-content=\"4\">\n\t\t\t\t\t\t<div id=\"tab-4-inline-title\" class=\"tab_title visible-xs\" data-tab-number=\"4\"><span class=\"ch icon-check\"><\/span>References 2020<\/div>\n\t\t\t\t\t\t<div class=\"tab_content\"><div class=\"table-responsive\"><table  style=\"width:100%; \"  class=\"easy-table easy-table-default \" >\n<tbody>\r\n<tr><td ><strong>METROSTAV DS<\/strong> <\/td>\n<td >Construction R2 M\u00fdtna \u2013 Tom\u00e1\u0161ovce<\/td>\n<\/tr>\n\r\n<tr><td ><strong>LIMESTONE SK<\/strong> <\/td>\n<td >Construction of roads PANORAMA Nitra<\/td>\n<\/tr>\n\r\n<tr><td ><strong>STRABAG PaIS<\/strong> <\/td>\n<td >Construction of bridge Slatina<\/td>\n<\/tr>\n\r\n<tr><td ><strong>KERAMING<\/strong> <\/td>\n<td >Expansion of production and storage capacities Intercable Kriv\u00e1\u0148<\/td>\n<\/tr>\n<\/tbody><\/table><\/div>\n<\/div>\n\t\t\t\t\t<\/div><div class=\"tab_content_wrapper animation \" id=\"tab-5\" data-tab-content=\"5\">\n\t\t\t\t\t\t<div id=\"tab-5-inline-title\" class=\"tab_title visible-xs\" data-tab-number=\"5\"><span class=\"ch icon-check\"><\/span>References 2019<\/div>\n\t\t\t\t\t\t<div class=\"tab_content\"><div class=\"table-responsive\"><table  style=\"width:100%; \"  class=\"easy-table easy-table-default \" >\n<tbody>\r\n<tr><td ><strong>JM \u2013 Agrostavby<\/strong> <\/td>\n<td >Cycle path V\u00edg\u013ea\u0161 \u2013 Sto\u017eok<\/td>\n<\/tr>\n\r\n<tr><td ><strong>COMBIN<\/strong> <\/td>\n<td >Elephant pavilion Bojnice<\/td>\n<\/tr>\n\r\n<tr><td ><strong>MJM Invest<\/strong> <\/td>\n<td >Residential zone PANORAMA Nitra<\/td>\n<\/tr>\n\r\n<tr><td ><strong>HSF SYSTEM SK<\/strong> <\/td>\n<td >WEST PARK Nitra \u2013 Lu\u017eianky<\/td>\n<\/tr>\n\r\n<tr><td ><strong>HSF SYSTEM SK<\/strong> <\/td>\n<td >STEELCON Ve\u013ek\u00e1 Ida<\/td>\n<\/tr>\n<\/tbody><\/table><\/div>\n<\/div>\n\t\t\t\t\t<\/div><div class=\"tab_content_wrapper animation \" id=\"tab-6\" data-tab-content=\"6\">\n\t\t\t\t\t\t<div id=\"tab-6-inline-title\" class=\"tab_title visible-xs\" data-tab-number=\"6\"><span class=\"ch icon-check\"><\/span>References 2018<\/div>\n\t\t\t\t\t\t<div class=\"tab_content\"><div class=\"table-responsive\"><table  style=\"width:100%; \"  class=\"easy-table easy-table-default \" >\n<tbody>\r\n<tr><td ><strong>ALU SLOVAKIA s.r.o.<\/strong> <\/td>\n<td >Administrative-building building and production hall Hlin\u00edk nad Hronom<\/td>\n<\/tr>\n\r\n<tr><td ><strong>DOPRASTAV a.s.<\/strong> <\/td>\n<td >Parking space for the RATES sports hall<\/td>\n<\/tr>\n\r\n<tr><td ><strong>PPS GROUP a.s.<\/strong> <\/td>\n<td >Production of industrial floors in hall no.9<\/td>\n<\/tr>\n\r\n<tr><td ><strong>HSF SYSTEMS SK, spol. s.r.o.<\/strong> <\/td>\n<td >HT\u00da Hornbach Pre\u0161ov<\/td>\n<\/tr>\n\r\n<tr><td ><strong>STRABAG Pozemn\u00e9 a\u00a0in\u017einierske stavite\u013estvo s.r.o.<\/strong> <\/td>\n<td >Strengthened Areas Linak Pre\u0161ov 2nd Stage<\/td>\n<\/tr>\n\r\n<tr><td ><strong>STRABAG s.r.o. <\/td>\n<td > <\/strong>Golf Resort Nitra<\/td>\n<\/tr>\n<\/tbody><\/table><\/div>\n<\/div>\n\t\t\t\t\t<\/div><div class=\"tab_content_wrapper animation \" id=\"tab-7\" data-tab-content=\"7\">\n\t\t\t\t\t\t<div id=\"tab-7-inline-title\" class=\"tab_title visible-xs\" data-tab-number=\"7\"><span class=\"ch icon-check\"><\/span>References 2017<\/div>\n\t\t\t\t\t\t<div class=\"tab_content\"><div class=\"table-responsive\"><table  style=\"width:100%; \"  class=\"easy-table easy-table-default \" >\n<tbody>\r\n<tr><td ><strong>HSF SYSTEMS SK, spol. s.r.o.<\/strong> <\/td>\n<td > HT\u00da under the production hall DS LOGISTIK Kostoln\u00e9 Kra\u010dany-Dunajsk\u00e1 Streda<\/td>\n<\/tr>\n\r\n<tr><td ><strong>DOPRASTAV a.s.<\/strong> <\/td>\n<td > Reconstruction of the access road to the Dudince healing house<\/td>\n<\/tr>\n\r\n<tr><td ><strong>INPEK HOLDING, a.s.<\/strong> <\/td>\n<td > I \/ 16 Most Lu\u010denec ev.\u010d. 16-228-reconstruction<\/td>\n<\/tr>\n\r\n<tr><td ><strong>CORS\u00c1N-CORVIAM CONSRUCCI\u00d3N, S.A.<\/strong> <\/td>\n<td > construction R2 Zvolen East-Pstru\u0161a<\/td>\n<\/tr>\n\r\n<tr><td ><strong>STRABAG s.r.o.<\/strong> <\/td>\n<td > Golf Resort Nitra<\/td>\n<\/tr>\n<\/tbody><\/table><\/div>\n<\/div>\n\t\t\t\t\t<\/div><div class=\"tab_content_wrapper animation \" id=\"tab-8\" data-tab-content=\"8\">\n\t\t\t\t\t\t<div id=\"tab-8-inline-title\" class=\"tab_title visible-xs\" data-tab-number=\"8\"><span class=\"ch icon-check\"><\/span>References 2016<\/div>\n\t\t\t\t\t\t<div class=\"tab_content\"><div class=\"table-responsive\"><table  style=\"width:100%; \"  class=\"easy-table easy-table-default \" >\n<tbody>\r\n<tr><td ><strong>STRABAG Pozemn\u00e9 a\u00a0in\u017einierske stavite\u013estvo s.r.o.<\/strong><\/td>\n<td >HTU production area Fordom<\/td>\n<\/tr>\n\r\n<tr><td ><strong>D\u00daHA a.s.<\/strong><\/td>\n<td >D1 Lietavsk\u00e1 L\u00fa\u010dka \u2013 Dubn\u00e1 Skala<\/td>\n<\/tr>\n\r\n<tr><td ><strong>STRABAG s.r.o.<\/strong><\/td>\n<td >Golf Resort Nitra<\/td>\n<\/tr>\n\r\n<tr><td ><strong>DOPRASTAV a.s.<\/strong><\/td>\n<td >handling areas Nemak \u017diar nad Hronom, construction of forest roads Snohy, construction of forest roads Ml\u00e1ky<\/td>\n<\/tr>\n\r\n<tr><td ><strong>CORS\u00c1N\u2013CORVIAM CONSTRUCCI\u00d3N, S.A.<\/strong><\/td>\n<td >Construction R2 Zvolen East &#8211<\/td>\n<td > Pstru\u0161a<\/td>\n<\/tr>\n<\/tbody><\/table><\/div>\n<\/div>\n\t\t\t\t\t<\/div><div class=\"tab_content_wrapper animation \" id=\"tab-9\" data-tab-content=\"9\">\n\t\t\t\t\t\t<div id=\"tab-9-inline-title\" class=\"tab_title visible-xs\" data-tab-number=\"9\"><span class=\"icon-check\"><\/span>References 2015<\/div>\n\t\t\t\t\t\t<div class=\"tab_content\"><div class=\"table-responsive\"><table  style=\"width:100%; \"  class=\"easy-table easy-table-default \" >\n<tbody>\r\n<tr><td ><strong>STRABAG, s.r.o.<\/strong><\/td>\n<td >Road construction R2 Pstru\u0161a \u2013 Kriv\u00e1\u0148<\/td>\n<\/tr>\n\r\n<tr><td ><strong>CORS\u00c1N\u2013CORVIAM CONSTRUCCI\u00d3N, S.A.<\/strong><\/td>\n<td >Road construction R2 Zvolen V\u00fdchod \u2013 Pstru\u0161a<\/td>\n<\/tr>\n\r\n<tr><td ><strong>COMBIN BANSK\u00c1 \u0160TIAVNICA, s.r.o.<\/strong><\/td>\n<td >Town sewerage system, Tren\u010d\u00edn<\/td>\n<\/tr>\n\r\n<tr><td ><strong>STAVEBN\u00c1 MECHANIZ\u00c1CIA, s.r.o.<\/strong><\/td>\n<td >Town sewerage system, Modr\u00fd Kame\u0148<\/td>\n<\/tr>\n\r\n<tr><td ><strong>SWIETELSKY \u2013 SLOVAKIA spol. s.r.o.<\/strong><\/td>\n<td >Road construction I\/50 Kriv\u00e1\u0148 \u2013 crossroads<\/td>\n<\/tr>\n<\/tbody><\/table><\/div>\n<\/div>\n\t\t\t\t\t<\/div><div class=\"tab_content_wrapper animation \" id=\"tab-10\" data-tab-content=\"10\">\n\t\t\t\t\t\t<div id=\"tab-10-inline-title\" class=\"tab_title visible-xs\" data-tab-number=\"10\"><span class=\"icon-check\"><\/span>References 2014<\/div>\n\t\t\t\t\t\t<div class=\"tab_content\"><div class=\"table-responsive\"><table  style=\"width:100%; \"  class=\"easy-table easy-table-default \" >\n<tbody>\r\n<tr><td ><strong>STRABAG, s.r.o.<\/strong><\/td>\n<td >Road construction R2 \u017diar nad Hronom By-pass, <br \/>Road construction R2 Pstru\u0161a \u2013 Kriv\u00e1\u0148<\/td>\n<\/tr>\n\r\n<tr><td ><strong>SKANSKA SK a.s.<\/strong><\/td>\n<td >Construction of cycle path Zvolen \u2013 Slia\u010d<\/td>\n<\/tr>\n\r\n<tr><td ><strong>COMBIN BANSK\u00c1 \u0160TIAVNICA, s.r.o.<\/strong><\/td>\n<td >Town sewerage system, Tren\u010d\u00edn<\/td>\n<\/tr>\n<\/tbody><\/table><\/div>\n<\/div>\n\t\t\t\t\t<\/div><div class=\"tab_content_wrapper animation \" id=\"tab-11\" data-tab-content=\"11\">\n\t\t\t\t\t\t<div id=\"tab-11-inline-title\" class=\"tab_title visible-xs\" data-tab-number=\"11\"><span class=\"icon-check\"><\/span>References 2013<\/div>\n\t\t\t\t\t\t<div class=\"tab_content\"><div class=\"table-responsive\"><table  style=\"width:100%; \"  class=\"easy-table easy-table-default \" >\n<tbody>\r\n<tr><td ><strong>STRABAG, s.r.o.<\/strong><\/td>\n<td >Road construction R2 \u017diar nad Hronom By-pass<br \/>Road construction P\u00f4tor \u2013 Ve\u013ek\u00fd Krt\u00ed\u0161<\/td>\n<\/tr>\n\r\n<tr><td ><strong>COMBIN BANSK\u00c1 \u0160TIAVNICA, s.r.o.<\/strong><\/td>\n<td >Town sewerage system, Malacky and \u0160a\u0161t\u00edn Str\u00e1\u017ee<\/td>\n<\/tr>\n\r\n<tr><td ><strong>STAVBY MOSTOV SLOVAKIA, a.s.<\/strong><\/td>\n<td >Road construction I\/50 \u2013 Zvolen Pust\u00fd Hrad \u2013 Neresnica \u2013 III. Stage<\/td>\n<\/tr>\n\r\n<tr><td ><strong>BETON BAU s.r.o.<\/strong><\/td>\n<td >Construction of cement works. Sto\u017eok<\/td>\n<\/tr>\n\r\n<tr><td ><strong>BIOPLYN BUD\u010cA spol. s.r.o.<\/strong><\/td>\n<td >Construction biogas plant Bud\u010da<\/td>\n<\/tr>\n<\/tbody><\/table><\/div>\n<\/div>\n\t\t\t\t\t<\/div><\/div><\/div>[\/vc_column][\/vc_row]\n","protected":false},"excerpt":{"rendered":"<p>[vc_row rt_row_background_width=&#8221;default&#8221; rt_row_style=&#8221;default-style&#8221; rt_row_borders=&#8221;&#8221; rt_overlap=&#8221;true&#8221; rt_row_paddings=&#8221;true&#8221; rt_bg_effect=&#8221;classic&#8221; rt_bg_image_repeat=&#8221;repeat&#8221; rt_bg_size=&#8221;cover&#8221; rt_bg_position=&#8221;right top&#8221; rt_bg_attachment=&#8221;scroll&#8221; rt_bg_video_format=&#8221;self-hosted&#8221; rt_bg_color=&#8221;#fafafa&#8221; rt_padding_bottom=&#8221;40&#8243;][vc_column rt_wrp_col_paddings=&#8221;false&#8221; rt_border_top=&#8221;&#8221; rt_border_bottom=&#8221;&#8221; rt_border_left=&#8221;&#8221; rt_border_right=&#8221;&#8221; rt_border_top_mobile=&#8221;&#8221; rt_border_bottom_mobile=&#8221;&#8221; rt_border_left_mobile=&#8221;&#8221; rt_border_right_mobile=&#8221;&#8221; rt_bg_image_repeat=&#8221;repeat&#8221; rt_bg_size=&#8221;auto auto&#8221; rt_bg_position=&#8221;right top&#8221; rt_bg_attachment=&#8221;scroll&#8221;][vc_empty_space][vc_text_separator title=&#8221;Refer also to selected older references \u2013 construction and projects participated in&#8221; color=&#8221;custom&#8221; border_width=&#8221;2&#8243; accent_color=&#8221;#9c0f06&#8243; el_class=&#8221;h4&#8243; css=&#8221;.vc_custom_1459777327413{margin-bottom: 30px !important;}&#8221;][\/vc_column][\/vc_row]<\/p>\n","protected":false},"author":1,"featured_media":0,"parent":0,"menu_order":6,"comment_status":"closed","ping_status":"closed","template":"","meta":{"_monsterinsights_skip_tracking":false,"_monsterinsights_sitenote_active":false,"_monsterinsights_sitenote_note":"","_monsterinsights_sitenote_category":0,"footnotes":""},"class_list":["post-298","page","type-page","status-publish","hentry"],"yoast_head":"<!-- This site is optimized with the Yoast SEO plugin v27.6 - https:\/\/yoast.com\/product\/yoast-seo-wordpress\/ -->\n<title>References - GEOSTAV DETVA s.r.o.<\/title>\n<meta name=\"description\" content=\"We offer a comprehensive package of services in the field of construction implementation, especially excavation, earthmoving, haulage and related matters.\" \/>\n<meta name=\"robots\" content=\"index, follow, max-snippet:-1, max-image-preview:large, max-video-preview:-1\" \/>\n<link rel=\"canonical\" href=\"https:\/\/www.geostavdetva.sk\/en\/references\/\" \/>\n<meta property=\"og:locale\" content=\"en_US\" \/>\n<meta property=\"og:type\" content=\"article\" \/>\n<meta property=\"og:title\" content=\"References - GEOSTAV DETVA s.r.o.\" \/>\n<meta property=\"og:description\" content=\"We offer a comprehensive package of services in the field of construction implementation, especially excavation, earthmoving, haulage and related matters.\" \/>\n<meta property=\"og:url\" content=\"https:\/\/www.geostavdetva.sk\/en\/references\/\" \/>\n<meta property=\"og:site_name\" content=\"GEOSTAV DETVA s.r.o.\" \/>\n<meta property=\"article:modified_time\" content=\"2024-04-05T07:54:51+00:00\" \/>\n<meta name=\"twitter:card\" content=\"summary_large_image\" \/>\n<meta name=\"twitter:label1\" content=\"Est. reading time\" \/>\n\t<meta name=\"twitter:data1\" content=\"4 minutes\" \/>\n<script type=\"application\/ld+json\" class=\"yoast-schema-graph\">{\"@context\":\"https:\\\/\\\/schema.org\",\"@graph\":[{\"@type\":\"WebPage\",\"@id\":\"https:\\\/\\\/www.geostavdetva.sk\\\/en\\\/references\\\/\",\"url\":\"https:\\\/\\\/www.geostavdetva.sk\\\/en\\\/references\\\/\",\"name\":\"References - GEOSTAV DETVA s.r.o.\",\"isPartOf\":{\"@id\":\"https:\\\/\\\/www.geostavdetva.sk\\\/#website\"},\"datePublished\":\"2016-04-04T12:32:23+00:00\",\"dateModified\":\"2024-04-05T07:54:51+00:00\",\"description\":\"We offer a comprehensive package of services in the field of construction implementation, especially excavation, earthmoving, haulage and related matters.\",\"breadcrumb\":{\"@id\":\"https:\\\/\\\/www.geostavdetva.sk\\\/en\\\/references\\\/#breadcrumb\"},\"inLanguage\":\"en-US\",\"potentialAction\":[{\"@type\":\"ReadAction\",\"target\":[\"https:\\\/\\\/www.geostavdetva.sk\\\/en\\\/references\\\/\"]}]},{\"@type\":\"BreadcrumbList\",\"@id\":\"https:\\\/\\\/www.geostavdetva.sk\\\/en\\\/references\\\/#breadcrumb\",\"itemListElement\":[{\"@type\":\"ListItem\",\"position\":1,\"name\":\"Domovsk\u00e1 str\u00e1nka\",\"item\":\"http:\\\/\\\/www.geostavdetva.sk\\\/en\\\/\"},{\"@type\":\"ListItem\",\"position\":2,\"name\":\"References\"}]},{\"@type\":\"WebSite\",\"@id\":\"https:\\\/\\\/www.geostavdetva.sk\\\/#website\",\"url\":\"https:\\\/\\\/www.geostavdetva.sk\\\/\",\"name\":\"GEOSTAV DETVA s.r.o.\",\"description\":\"stavebn\u00e9 pr\u00e1ce a n\u00e1klad\u00e1 preprava\",\"potentialAction\":[{\"@type\":\"SearchAction\",\"target\":{\"@type\":\"EntryPoint\",\"urlTemplate\":\"https:\\\/\\\/www.geostavdetva.sk\\\/?s={search_term_string}\"},\"query-input\":{\"@type\":\"PropertyValueSpecification\",\"valueRequired\":true,\"valueName\":\"search_term_string\"}}],\"inLanguage\":\"en-US\"}]}<\/script>\n<!-- \/ Yoast SEO plugin. -->","yoast_head_json":{"title":"References - GEOSTAV DETVA s.r.o.","description":"We offer a comprehensive package of services in the field of construction implementation, especially excavation, earthmoving, haulage and related matters.","robots":{"index":"index","follow":"follow","max-snippet":"max-snippet:-1","max-image-preview":"max-image-preview:large","max-video-preview":"max-video-preview:-1"},"canonical":"https:\/\/www.geostavdetva.sk\/en\/references\/","og_locale":"en_US","og_type":"article","og_title":"References - GEOSTAV DETVA s.r.o.","og_description":"We offer a comprehensive package of services in the field of construction implementation, especially excavation, earthmoving, haulage and related matters.","og_url":"https:\/\/www.geostavdetva.sk\/en\/references\/","og_site_name":"GEOSTAV DETVA s.r.o.","article_modified_time":"2024-04-05T07:54:51+00:00","twitter_card":"summary_large_image","twitter_misc":{"Est. reading time":"4 minutes"},"schema":{"@context":"https:\/\/schema.org","@graph":[{"@type":"WebPage","@id":"https:\/\/www.geostavdetva.sk\/en\/references\/","url":"https:\/\/www.geostavdetva.sk\/en\/references\/","name":"References - GEOSTAV DETVA s.r.o.","isPartOf":{"@id":"https:\/\/www.geostavdetva.sk\/#website"},"datePublished":"2016-04-04T12:32:23+00:00","dateModified":"2024-04-05T07:54:51+00:00","description":"We offer a comprehensive package of services in the field of construction implementation, especially excavation, earthmoving, haulage and related matters.","breadcrumb":{"@id":"https:\/\/www.geostavdetva.sk\/en\/references\/#breadcrumb"},"inLanguage":"en-US","potentialAction":[{"@type":"ReadAction","target":["https:\/\/www.geostavdetva.sk\/en\/references\/"]}]},{"@type":"BreadcrumbList","@id":"https:\/\/www.geostavdetva.sk\/en\/references\/#breadcrumb","itemListElement":[{"@type":"ListItem","position":1,"name":"Domovsk\u00e1 str\u00e1nka","item":"http:\/\/www.geostavdetva.sk\/en\/"},{"@type":"ListItem","position":2,"name":"References"}]},{"@type":"WebSite","@id":"https:\/\/www.geostavdetva.sk\/#website","url":"https:\/\/www.geostavdetva.sk\/","name":"GEOSTAV DETVA s.r.o.","description":"stavebn\u00e9 pr\u00e1ce a n\u00e1klad\u00e1 preprava","potentialAction":[{"@type":"SearchAction","target":{"@type":"EntryPoint","urlTemplate":"https:\/\/www.geostavdetva.sk\/?s={search_term_string}"},"query-input":{"@type":"PropertyValueSpecification","valueRequired":true,"valueName":"search_term_string"}}],"inLanguage":"en-US"}]}},"_links":{"self":[{"href":"https:\/\/www.geostavdetva.sk\/en\/wp-json\/wp\/v2\/pages\/298","targetHints":{"allow":["GET"]}}],"collection":[{"href":"https:\/\/www.geostavdetva.sk\/en\/wp-json\/wp\/v2\/pages"}],"about":[{"href":"https:\/\/www.geostavdetva.sk\/en\/wp-json\/wp\/v2\/types\/page"}],"author":[{"embeddable":true,"href":"https:\/\/www.geostavdetva.sk\/en\/wp-json\/wp\/v2\/users\/1"}],"replies":[{"embeddable":true,"href":"https:\/\/www.geostavdetva.sk\/en\/wp-json\/wp\/v2\/comments?post=298"}],"version-history":[{"count":16,"href":"https:\/\/www.geostavdetva.sk\/en\/wp-json\/wp\/v2\/pages\/298\/revisions"}],"predecessor-version":[{"id":496,"href":"https:\/\/www.geostavdetva.sk\/en\/wp-json\/wp\/v2\/pages\/298\/revisions\/496"}],"wp:attachment":[{"href":"https:\/\/www.geostavdetva.sk\/en\/wp-json\/wp\/v2\/media?parent=298"}],"curies":[{"name":"wp","href":"https:\/\/api.w.org\/{rel}","templated":true}]}}