{"id":324,"date":"2015-10-08T16:29:43","date_gmt":"2015-10-08T14:29:43","guid":{"rendered":"http:\/\/www.geostavdetva.sk\/en\/kontakt\/"},"modified":"2024-09-16T17:29:50","modified_gmt":"2024-09-16T15:29:50","slug":"contact","status":"publish","type":"page","link":"https:\/\/www.geostavdetva.sk\/en\/contact\/","title":{"rendered":"Contact"},"content":{"rendered":"[vc_row rt_row_background_width=&#8221;fullwidth&#8221; rt_row_content_width=&#8221;fullwidth&#8221; rt_row_style=&#8221;default-style&#8221; rt_row_borders=&#8221;&#8221; rt_row_paddings=&#8221;false&#8221; rt_bg_effect=&#8221;classic&#8221; rt_bg_image_repeat=&#8221;repeat&#8221; rt_bg_size=&#8221;cover&#8221; rt_bg_position=&#8221;right top&#8221; rt_bg_attachment=&#8221;scroll&#8221; rt_bg_video_format=&#8221;self-hosted&#8221;][vc_column rt_wrp_col_paddings=&#8221;false&#8221; rt_border_top=&#8221;&#8221; rt_border_bottom=&#8221;&#8221; rt_border_left=&#8221;&#8221; rt_border_right=&#8221;&#8221; rt_border_top_mobile=&#8221;&#8221; rt_border_bottom_mobile=&#8221;&#8221; rt_border_left_mobile=&#8221;&#8221; rt_border_right_mobile=&#8221;&#8221; rt_bg_image_repeat=&#8221;repeat&#8221; rt_bg_size=&#8221;auto auto&#8221; rt_bg_position=&#8221;right top&#8221; rt_bg_attachment=&#8221;scroll&#8221;]<div class=\"google_map_holder\" data-height=\"500\" data-scope=\"#map-403824\" data-bw=\"\"><div id=\"map-403824\" data-locations=\"WyJHRU9TVEFWIERFVFZBIHMuci5vLiIsIDQ4LjU2Mzg0NSwgMTkuMzA2Mzg3LCA0LCJHRU9TVEFWIERFVFZBIHMuci5vLjxiciAvPlByZXbDoWR6a2E6IE1hbGlub3Zza8OpaG8gNzgsIDk2MiAwMiBWw61nxL5hxaEiXQ==\" data-zoom=\"8\" class=\"rt-google-maps google_map\"><\/div><\/div>[\/vc_column][\/vc_row][vc_row rt_row_background_width=&#8221;fullwidth&#8221; rt_row_content_width=&#8221;default&#8221; rt_row_style=&#8221;light-style&#8221; rt_row_borders=&#8221;&#8221; rt_row_paddings=&#8221;true&#8221; rt_bg_effect=&#8221;classic&#8221; rt_bg_image_repeat=&#8221;repeat&#8221; rt_bg_size=&#8221;cover&#8221; rt_bg_position=&#8221;right top&#8221; rt_bg_attachment=&#8221;scroll&#8221; rt_bg_video_format=&#8221;self-hosted&#8221; rt_padding_bottom=&#8221;0&#8243;][vc_column rt_wrp_col_paddings=&#8221;false&#8221; rt_border_top=&#8221;&#8221; rt_border_bottom=&#8221;&#8221; rt_border_left=&#8221;&#8221; rt_border_right=&#8221;&#8221; rt_border_top_mobile=&#8221;&#8221; rt_border_bottom_mobile=&#8221;&#8221; rt_border_left_mobile=&#8221;&#8221; rt_border_right_mobile=&#8221;&#8221; rt_bg_image_repeat=&#8221;repeat&#8221; rt_bg_size=&#8221;auto auto&#8221; rt_bg_position=&#8221;right top&#8221; rt_bg_attachment=&#8221;scroll&#8221;]<div class=\"rt_heading_wrapper style-3\">\n\t\t\t\t\t\t<h1 class=\"rt_heading  style-3\" >Contact informations<\/h1>\n\t\t\t\t\t<\/div>[\/vc_column][\/vc_row][vc_row rt_row_background_width=&#8221;fullwidth&#8221; rt_row_content_width=&#8221;default&#8221; rt_row_style=&#8221;light-style&#8221; rt_row_borders=&#8221;&#8221; rt_grid=&#8221;true&#8221; rt_row_paddings=&#8221;true&#8221; rt_bg_effect=&#8221;classic&#8221; rt_bg_image_repeat=&#8221;repeat&#8221; rt_bg_size=&#8221;cover&#8221; rt_bg_position=&#8221;right top&#8221; rt_bg_attachment=&#8221;scroll&#8221; rt_bg_video_format=&#8221;self-hosted&#8221; rt_padding_top=&#8221;0&#8243; rt_padding_bottom=&#8221;40&#8243;][vc_column width=&#8221;2\/4&#8243; rt_wrp_col_paddings=&#8221;false&#8221; rt_border_top=&#8221;&#8221; rt_border_bottom=&#8221;&#8221; rt_border_left=&#8221;&#8221; rt_border_right=&#8221;&#8221; rt_border_top_mobile=&#8221;&#8221; rt_border_bottom_mobile=&#8221;&#8221; rt_border_left_mobile=&#8221;&#8221; rt_border_right_mobile=&#8221;&#8221; rt_bg_image_repeat=&#8221;repeat&#8221; rt_bg_size=&#8221;auto auto&#8221; rt_bg_position=&#8221;right top&#8221; rt_bg_attachment=&#8221;scroll&#8221;][vc_column_text]<strong>GEOSTAV DETVA s.r.o.<\/strong><br \/>\nMalinovsk\u00e9ho 78\/54<br \/>\n962 02 V\u00edg\u013ea\u0161\u0161<\/p>\n<p>I\u010cO: 36647250<br \/>\nDI\u010c: 2022148326<br \/>\nI\u010c DPH: SK2022148326[\/vc_column_text][vc_column_text]<strong>Company executive manager<\/strong>:<br \/>\nMartin Sedliak<br \/>\n+421 907 090 326<br \/>\nsedliak@geostavdetva.sk[\/vc_column_text][\/vc_column][vc_column width=&#8221;1\/4&#8243; rt_wrp_col_paddings=&#8221;false&#8221; rt_border_top=&#8221;&#8221; rt_border_bottom=&#8221;&#8221; rt_border_left=&#8221;&#8221; rt_border_right=&#8221;&#8221; rt_border_top_mobile=&#8221;&#8221; rt_border_bottom_mobile=&#8221;&#8221; rt_border_left_mobile=&#8221;&#8221; rt_border_right_mobile=&#8221;&#8221; rt_bg_image_repeat=&#8221;repeat&#8221; rt_bg_size=&#8221;auto auto&#8221; rt_bg_position=&#8221;right top&#8221; rt_bg_attachment=&#8221;scroll&#8221;][vc_column_text]<strong>Transport manager<\/strong>:<br \/>\nJ\u00e1n \u010eurica<br \/>\n+421 917 203 108<br \/>\ndurica@geostavdetva.sk<\/p>\n<p><strong>Dispatcher:<br \/>\n<\/strong>Peter Ftorek<br \/>\n+421\u00a0918\u00a0481\u00a0735<br \/>\nftorek@geostavdetva.sk<\/p>\n<p><strong>Construction manager<\/strong>:<br \/>\nPeter \u013dupt\u00e1k<br \/>\n+421 917 953 447<\/p>\n<p>Jozef Bahno<br \/>\n+421 904 259 345<\/p>\n<p><strong>Warehouse, workshop:<\/strong><br \/>\n\u0160imon Sedliak<br \/>\n+421 918 747 007<br \/>\nsklad@geostavdetva.sk[\/vc_column_text][\/vc_column][vc_column width=&#8221;1\/4&#8243; rt_wrp_col_paddings=&#8221;false&#8221; rt_border_top=&#8221;&#8221; rt_border_bottom=&#8221;&#8221; rt_border_left=&#8221;&#8221; rt_border_right=&#8221;&#8221; rt_border_top_mobile=&#8221;&#8221; rt_border_bottom_mobile=&#8221;&#8221; rt_border_left_mobile=&#8221;&#8221; rt_border_right_mobile=&#8221;&#8221; rt_bg_image_repeat=&#8221;repeat&#8221; rt_bg_size=&#8221;auto auto&#8221; rt_bg_position=&#8221;right top&#8221; rt_bg_attachment=&#8221;scroll&#8221;][vc_column_text]<strong>Economic Department<\/strong>:<\/p>\n<p><strong>Invoices<br \/>\n<\/strong>Ter\u00e9zia Sedliakov\u00e1<br \/>\n+421 918 558 215<br \/>\nfaktury@geostavdetva.sk<br \/>\ngeostavdetva@geostavdetva.sk<\/p>\n<p><strong>Preparation of invoicing, processing of records<\/strong><br \/>\nDaniela Dankov\u00e1<br \/>\n+421 917 119 766<br \/>\ndankova@geostavdetva.sk<\/p>\n<p><strong>Accountant<\/strong><br \/>\nIng. Marcela Krulov\u00e1<br \/>\n+421 904 379 183<br \/>\nekonom@geostavdetva.sk<\/p>\n<p><strong>Financial director<\/strong><br \/>\nIng. Peter Vasil<br \/>\n+421 918 431 496<br \/>\nvasil@geostavdetva.sk[\/vc_column_text][\/vc_column][\/vc_row][vc_row rt_row_background_width=&#8221;default&#8221; rt_row_style=&#8221;default-style&#8221; rt_row_borders=&#8221;&#8221; rt_row_paddings=&#8221;true&#8221; id=&#8221;formular&#8221; rt_bg_effect=&#8221;classic&#8221; rt_bg_image_repeat=&#8221;repeat&#8221; rt_bg_size=&#8221;cover&#8221; rt_bg_position=&#8221;right top&#8221; rt_bg_attachment=&#8221;scroll&#8221; rt_bg_video_format=&#8221;self-hosted&#8221; rt_padding_bottom=&#8221;40&#8243;][vc_column rt_wrp_col_paddings=&#8221;false&#8221; rt_border_top=&#8221;&#8221; rt_border_bottom=&#8221;&#8221; rt_border_left=&#8221;&#8221; rt_border_right=&#8221;&#8221; rt_border_top_mobile=&#8221;&#8221; rt_border_bottom_mobile=&#8221;&#8221; rt_border_left_mobile=&#8221;&#8221; rt_border_right_mobile=&#8221;&#8221; rt_bg_image_repeat=&#8221;repeat&#8221; rt_bg_size=&#8221;auto auto&#8221; rt_bg_position=&#8221;right top&#8221; rt_bg_attachment=&#8221;scroll&#8221;][vc_text_separator title=&#8221;Send us a message&#8221; el_class=&#8221;h3&#8243; css=&#8221;.vc_custom_1459780342546{margin-bottom: 30px !important;}&#8221;]\n\t\t<!-- contact form -->\n\t\t<div  class=\"contact_form  dynamic-class-405927\">\n\t\t<div class=\"clear\"><\/div><div class=\"result\"><\/div>\n\t\t\t<form action=\"#\" name=\"contact_form\" class=\"validate_form rt_form\" method=\"post\">\n\t\t\t\t<ul>\n\t\t\t\t\t<li class=\"form-input\"><label for=\"name\">Your Name: (*)<\/label><input placeholder=\"Your Name: (*)\" id=\"name\" type=\"text\" name=\"name\" value=\"\" class=\"required\" \/> <\/li>\n\t\t\t\t\t<li class=\"form-input\"><label for=\"email\">Your Email: (*)<\/label><input placeholder=\"Your Email: (*)\" id=\"email\" type=\"email\" name=\"email\" value=\"\" class=\"required email\" \/> <\/li>\n\t\t\t\t\t<li class=\"form-input\"><label for=\"message\">Your Message: (*)<\/label><textarea placeholder=\"Your Message: (*)\" id=\"message\" name=\"message\" rows=\"8\" cols=\"40\" class=\"required\"><\/textarea><\/li>\n\t\t\t\t\t\n\t\t\t\t\t<li class=\"security-question\"><label class=\"math_label\" for=\"math\">Security Question:<\/label>5 + 85 = <input id=\"math\" placeholder=\"?\" type=\"text\" name=\"math\" value=\"\" class=\"required\" \/><\/li>\n\t\t\t\t\t<li class=\"submit-button\">\n\t\t\t\t\t<input type=\"hidden\" name=\"your_email_sig\" value=\"5699b161e343f8786967800f17c744a8\">\n\t\t\t\t\t<input type=\"hidden\" name=\"_wpnonce\" value=\"8805832e4d\">\n\t\t\t\t\t<input type=\"hidden\" name=\"your_email\" value=\"Z2Vvc3RhdmRldHZhQGdlb3N0YXZkZXR2YS5zaw==\"><input type=\"hidden\" name=\"dynamic_class\" value=\"dynamic-class-405927\"><input type=\"hidden\" name=\"rt_form_data\" value=\"OTA=\"><input type=\"button\" class=\"button submit\" value=\"Send\"  \/><span class=\"loading\"><\/span>\n\t\t\t\t\t<\/li>\n\t\t\t\t<\/ul>\n\t\t\t<\/form>\n\t\t<\/div><div class=\"clear\"><\/div>\n\t\t<!-- \/contact form -->[\/vc_column][\/vc_row]\n","protected":false},"excerpt":{"rendered":"<p>[vc_row rt_row_background_width=&#8221;fullwidth&#8221; rt_row_content_width=&#8221;fullwidth&#8221; rt_row_style=&#8221;default-style&#8221; rt_row_borders=&#8221;&#8221; rt_row_paddings=&#8221;false&#8221; rt_bg_effect=&#8221;classic&#8221; rt_bg_image_repeat=&#8221;repeat&#8221; rt_bg_size=&#8221;cover&#8221; rt_bg_position=&#8221;right top&#8221; rt_bg_attachment=&#8221;scroll&#8221; rt_bg_video_format=&#8221;self-hosted&#8221;][vc_column rt_wrp_col_paddings=&#8221;false&#8221; rt_border_top=&#8221;&#8221; rt_border_bottom=&#8221;&#8221; rt_border_left=&#8221;&#8221; rt_border_right=&#8221;&#8221; rt_border_top_mobile=&#8221;&#8221; rt_border_bottom_mobile=&#8221;&#8221; rt_border_left_mobile=&#8221;&#8221; rt_border_right_mobile=&#8221;&#8221; rt_bg_image_repeat=&#8221;repeat&#8221; rt_bg_size=&#8221;auto auto&#8221; rt_bg_position=&#8221;right top&#8221; rt_bg_attachment=&#8221;scroll&#8221;][\/vc_column][\/vc_row][vc_row rt_row_background_width=&#8221;fullwidth&#8221; rt_row_content_width=&#8221;default&#8221; rt_row_style=&#8221;light-style&#8221; rt_row_borders=&#8221;&#8221; rt_row_paddings=&#8221;true&#8221; rt_bg_effect=&#8221;classic&#8221; rt_bg_image_repeat=&#8221;repeat&#8221; rt_bg_size=&#8221;cover&#8221; rt_bg_position=&#8221;right top&#8221; rt_bg_attachment=&#8221;scroll&#8221; rt_bg_video_format=&#8221;self-hosted&#8221; rt_padding_bottom=&#8221;0&#8243;][vc_column rt_wrp_col_paddings=&#8221;false&#8221; rt_border_top=&#8221;&#8221; rt_border_bottom=&#8221;&#8221; rt_border_left=&#8221;&#8221; rt_border_right=&#8221;&#8221; rt_border_top_mobile=&#8221;&#8221; rt_border_bottom_mobile=&#8221;&#8221; rt_border_left_mobile=&#8221;&#8221; rt_border_right_mobile=&#8221;&#8221; rt_bg_image_repeat=&#8221;repeat&#8221; rt_bg_size=&#8221;auto auto&#8221; rt_bg_position=&#8221;right top&#8221; [&hellip;]<\/p>\n","protected":false},"author":1,"featured_media":0,"parent":0,"menu_order":8,"comment_status":"closed","ping_status":"closed","template":"","meta":{"_monsterinsights_skip_tracking":false,"_monsterinsights_sitenote_active":false,"_monsterinsights_sitenote_note":"","_monsterinsights_sitenote_category":0,"footnotes":""},"class_list":["post-324","page","type-page","status-publish","hentry"],"yoast_head":"<!-- This site is optimized with the Yoast SEO plugin v27.6 - https:\/\/yoast.com\/product\/yoast-seo-wordpress\/ -->\n<title>Contact - GEOSTAV DETVA s.r.o.<\/title>\n<meta name=\"description\" content=\"GEOSTAV DETVA s.r.o. Kontakt: geostavdetva@geostavdetva.sk, +421 907 090326. Pon\u00fakame komplexn\u00e9 slu\u017eby v oblasti realiz\u00e1cie stavby.\" \/>\n<meta name=\"robots\" content=\"index, follow, max-snippet:-1, max-image-preview:large, max-video-preview:-1\" \/>\n<link rel=\"canonical\" href=\"http:\/\/www.geostavdetva.sk\/en\/contact\/\" \/>\n<meta property=\"og:locale\" content=\"en_US\" \/>\n<meta property=\"og:type\" content=\"article\" \/>\n<meta property=\"og:title\" content=\"Contact - GEOSTAV DETVA s.r.o.\" \/>\n<meta property=\"og:description\" content=\"GEOSTAV DETVA s.r.o. Kontakt: geostavdetva@geostavdetva.sk, +421 907 090326. Pon\u00fakame komplexn\u00e9 slu\u017eby v oblasti realiz\u00e1cie stavby.\" \/>\n<meta property=\"og:url\" content=\"http:\/\/www.geostavdetva.sk\/en\/contact\/\" \/>\n<meta property=\"og:site_name\" content=\"GEOSTAV DETVA s.r.o.\" \/>\n<meta property=\"article:modified_time\" content=\"2024-09-16T15:29:50+00:00\" \/>\n<meta name=\"twitter:card\" content=\"summary_large_image\" \/>\n<meta name=\"twitter:label1\" content=\"Est. reading time\" \/>\n\t<meta name=\"twitter:data1\" content=\"2 minutes\" \/>\n<script type=\"application\/ld+json\" class=\"yoast-schema-graph\">{\"@context\":\"https:\\\/\\\/schema.org\",\"@graph\":[{\"@type\":\"WebPage\",\"@id\":\"http:\\\/\\\/www.geostavdetva.sk\\\/en\\\/contact\\\/\",\"url\":\"http:\\\/\\\/www.geostavdetva.sk\\\/en\\\/contact\\\/\",\"name\":\"Contact - GEOSTAV DETVA s.r.o.\",\"isPartOf\":{\"@id\":\"https:\\\/\\\/www.geostavdetva.sk\\\/#website\"},\"datePublished\":\"2015-10-08T14:29:43+00:00\",\"dateModified\":\"2024-09-16T15:29:50+00:00\",\"description\":\"GEOSTAV DETVA s.r.o. Kontakt: geostavdetva@geostavdetva.sk, +421 907 090326. Pon\u00fakame komplexn\u00e9 slu\u017eby v oblasti realiz\u00e1cie stavby.\",\"breadcrumb\":{\"@id\":\"http:\\\/\\\/www.geostavdetva.sk\\\/en\\\/contact\\\/#breadcrumb\"},\"inLanguage\":\"en-US\",\"potentialAction\":[{\"@type\":\"ReadAction\",\"target\":[\"http:\\\/\\\/www.geostavdetva.sk\\\/en\\\/contact\\\/\"]}]},{\"@type\":\"BreadcrumbList\",\"@id\":\"http:\\\/\\\/www.geostavdetva.sk\\\/en\\\/contact\\\/#breadcrumb\",\"itemListElement\":[{\"@type\":\"ListItem\",\"position\":1,\"name\":\"Domovsk\u00e1 str\u00e1nka\",\"item\":\"http:\\\/\\\/www.geostavdetva.sk\\\/en\\\/\"},{\"@type\":\"ListItem\",\"position\":2,\"name\":\"Contact\"}]},{\"@type\":\"WebSite\",\"@id\":\"https:\\\/\\\/www.geostavdetva.sk\\\/#website\",\"url\":\"https:\\\/\\\/www.geostavdetva.sk\\\/\",\"name\":\"GEOSTAV DETVA s.r.o.\",\"description\":\"stavebn\u00e9 pr\u00e1ce a n\u00e1klad\u00e1 preprava\",\"potentialAction\":[{\"@type\":\"SearchAction\",\"target\":{\"@type\":\"EntryPoint\",\"urlTemplate\":\"https:\\\/\\\/www.geostavdetva.sk\\\/?s={search_term_string}\"},\"query-input\":{\"@type\":\"PropertyValueSpecification\",\"valueRequired\":true,\"valueName\":\"search_term_string\"}}],\"inLanguage\":\"en-US\"}]}<\/script>\n<!-- \/ Yoast SEO plugin. -->","yoast_head_json":{"title":"Contact - GEOSTAV DETVA s.r.o.","description":"GEOSTAV DETVA s.r.o. Kontakt: geostavdetva@geostavdetva.sk, +421 907 090326. Pon\u00fakame komplexn\u00e9 slu\u017eby v oblasti realiz\u00e1cie stavby.","robots":{"index":"index","follow":"follow","max-snippet":"max-snippet:-1","max-image-preview":"max-image-preview:large","max-video-preview":"max-video-preview:-1"},"canonical":"http:\/\/www.geostavdetva.sk\/en\/contact\/","og_locale":"en_US","og_type":"article","og_title":"Contact - GEOSTAV DETVA s.r.o.","og_description":"GEOSTAV DETVA s.r.o. Kontakt: geostavdetva@geostavdetva.sk, +421 907 090326. Pon\u00fakame komplexn\u00e9 slu\u017eby v oblasti realiz\u00e1cie stavby.","og_url":"http:\/\/www.geostavdetva.sk\/en\/contact\/","og_site_name":"GEOSTAV DETVA s.r.o.","article_modified_time":"2024-09-16T15:29:50+00:00","twitter_card":"summary_large_image","twitter_misc":{"Est. reading time":"2 minutes"},"schema":{"@context":"https:\/\/schema.org","@graph":[{"@type":"WebPage","@id":"http:\/\/www.geostavdetva.sk\/en\/contact\/","url":"http:\/\/www.geostavdetva.sk\/en\/contact\/","name":"Contact - GEOSTAV DETVA s.r.o.","isPartOf":{"@id":"https:\/\/www.geostavdetva.sk\/#website"},"datePublished":"2015-10-08T14:29:43+00:00","dateModified":"2024-09-16T15:29:50+00:00","description":"GEOSTAV DETVA s.r.o. Kontakt: geostavdetva@geostavdetva.sk, +421 907 090326. Pon\u00fakame komplexn\u00e9 slu\u017eby v oblasti realiz\u00e1cie stavby.","breadcrumb":{"@id":"http:\/\/www.geostavdetva.sk\/en\/contact\/#breadcrumb"},"inLanguage":"en-US","potentialAction":[{"@type":"ReadAction","target":["http:\/\/www.geostavdetva.sk\/en\/contact\/"]}]},{"@type":"BreadcrumbList","@id":"http:\/\/www.geostavdetva.sk\/en\/contact\/#breadcrumb","itemListElement":[{"@type":"ListItem","position":1,"name":"Domovsk\u00e1 str\u00e1nka","item":"http:\/\/www.geostavdetva.sk\/en\/"},{"@type":"ListItem","position":2,"name":"Contact"}]},{"@type":"WebSite","@id":"https:\/\/www.geostavdetva.sk\/#website","url":"https:\/\/www.geostavdetva.sk\/","name":"GEOSTAV DETVA s.r.o.","description":"stavebn\u00e9 pr\u00e1ce a n\u00e1klad\u00e1 preprava","potentialAction":[{"@type":"SearchAction","target":{"@type":"EntryPoint","urlTemplate":"https:\/\/www.geostavdetva.sk\/?s={search_term_string}"},"query-input":{"@type":"PropertyValueSpecification","valueRequired":true,"valueName":"search_term_string"}}],"inLanguage":"en-US"}]}},"_links":{"self":[{"href":"https:\/\/www.geostavdetva.sk\/en\/wp-json\/wp\/v2\/pages\/324","targetHints":{"allow":["GET"]}}],"collection":[{"href":"https:\/\/www.geostavdetva.sk\/en\/wp-json\/wp\/v2\/pages"}],"about":[{"href":"https:\/\/www.geostavdetva.sk\/en\/wp-json\/wp\/v2\/types\/page"}],"author":[{"embeddable":true,"href":"https:\/\/www.geostavdetva.sk\/en\/wp-json\/wp\/v2\/users\/1"}],"replies":[{"embeddable":true,"href":"https:\/\/www.geostavdetva.sk\/en\/wp-json\/wp\/v2\/comments?post=324"}],"version-history":[{"count":10,"href":"https:\/\/www.geostavdetva.sk\/en\/wp-json\/wp\/v2\/pages\/324\/revisions"}],"predecessor-version":[{"id":499,"href":"https:\/\/www.geostavdetva.sk\/en\/wp-json\/wp\/v2\/pages\/324\/revisions\/499"}],"wp:attachment":[{"href":"https:\/\/www.geostavdetva.sk\/en\/wp-json\/wp\/v2\/media?parent=324"}],"curies":[{"name":"wp","href":"https:\/\/api.w.org\/{rel}","templated":true}]}}